{"id":14750,"date":"2021-06-13T08:50:02","date_gmt":"2021-06-13T06:50:02","guid":{"rendered":"https:\/\/abrilbike.com\/privacy-policy-2\/"},"modified":"2025-07-07T05:52:24","modified_gmt":"2025-07-07T03:52:24","slug":"privacy-policy-2","status":"publish","type":"page","link":"https:\/\/abrilbike.com\/ca\/privacy-policy-2\/","title":{"rendered":"Pol\u00edtica de privacitat"},"content":{"rendered":"<p>[et_pb_section fb_built=&#8221;1&#8243; admin_label=&#8221;section&#8221; _builder_version=&#8221;4.16&#8243; global_colors_info=&#8221;{}&#8221;][et_pb_row admin_label=&#8221;row&#8221; _builder_version=&#8221;4.16&#8243; background_size=&#8221;initial&#8221; background_position=&#8221;top_left&#8221; background_repeat=&#8221;repeat&#8221; global_colors_info=&#8221;{}&#8221;][et_pb_column type=&#8221;4_4&#8243; _builder_version=&#8221;4.16&#8243; custom_padding=&#8221;|||&#8221; global_colors_info=&#8221;{}&#8221; custom_padding__hover=&#8221;|||&#8221;][et_pb_text _builder_version=&#8221;4.27.4&#8243; _module_preset=&#8221;default&#8221; hover_enabled=&#8221;0&#8243; locked=&#8221;off&#8221; global_colors_info=&#8221;{}&#8221; sticky_enabled=&#8221;0&#8243;]<\/p>\n<h1 style=\"text-align: justify;\"><strong>Pol\u00edtica de Privacitat<\/strong><\/h1>\n<p style=\"text-align: justify;\">En compliment del Cap\u00edtol II de la llei 34\/2002, LSSICE, us informem que la present p\u00e0gina web <a href=\"https:\/\/abrilbike.com\/ca\/\">abrilbike.com<\/a> \u00e9s propietat d&#8217;<strong>EDUARDO GUTI\u00c9RREZ Y\u00c1\u00d1EZ<\/strong>, d&#8217;ara endavant tamb\u00e9 el Prestador, amb domicili social al C\/Sardenya, 209 bis, 08013 Barcelona, amb CIF 37388052B, i email: <a href=\"mailto:info@abrilbike.com\">info@abrilbike.com<\/a>.<\/p>\n<p style=\"text-align: justify;\"><strong>EDUARDO GUTI\u00c9RREZ Y\u00c1\u00d1EZ<\/strong>, com a responsable del present Lloc web i de conformitat amb el que disposa la normativa vigent en mat\u00e8ria de protecci\u00f3 de dades personals, el Reglament (UE) 2016\/679 de 27 d&#8217;abril de 2016 (RGPD) relatiu a la protecci\u00f3 de les persones f\u00edsiques quant al tractament de dades personals i a la lliure circulaci\u00f3 d&#8217;aquestes dades, la Llei Org\u00e0nica de 9 de desembre Car\u00e0cter Personal (LOPD) i per la Llei 34\/2002, d&#8217;11 de juliol, de Serveis de la Societat de la Informaci\u00f3 i del Comer\u00e7 Electr\u00f2nic (LSSICE), t\u00e9 implementades totes les mesures de seguretat, d&#8217;\u00edndole t\u00e8cnica i organitzatives, establertes al Reial decret 1720\/2007 de 21 de desembre, (que desenvolupa la LOPD) per a garantir i protegir la confidencialitat, integritat i disponibilitat de les dades introdu\u00efdes.<\/p>\n<p style=\"text-align: justify;\">A efectes del que preveu la LOPD, <strong>EDUARDO GUTI\u00c9RREZ Y\u00c1\u00d1EZ<\/strong> us informa que les dades que volunt\u00e0riament ens est\u00e0 facilitant seran incorporades als nostres sistemes d&#8217;informaci\u00f3 per tal de realitzar les gestions comercials i administratives necess\u00e0ries amb els usuaris de la web. Les operacions previstes per realitzar els tractaments s\u00f3n les seg\u00fcents: respondre a les consultes i\/o proporcionar informacions requerides per l&#8217;usuari; fer les prestacions de serveis i\/o productes contractats o subscrits per l&#8217;usuari; realitzar totes aquelles activitats pr\u00f2pies d&#8217;<strong>EDUARDO GUTI\u00c9RREZ Y\u00c1\u00d1EZ<\/strong> pel present av\u00eds legal ressenyades i remetre el butllet\u00ed de not\u00edcies de la p\u00e0gina web. <\/p>\n<p style=\"text-align: justify;\">El signant garanteix la veracitat de les dades aportades i es compromet a comunicar qualsevol canvi que s&#8217;hi produeixi.<\/p>\n<p style=\"text-align: justify;\">El Prestador, mitjan\u00e7ant asterisc (*) a les caselles corresponents del formulari de contacte, us informa d&#8217;aquesta obligatorietat a l&#8217;Usuari, indicant quines dades s\u00f3n necess\u00e0ries. Mitjan\u00e7ant la indicaci\u00f3 i introducci\u00f3 de les dades, l&#8217;Usuario atorga el consentiment inequ\u00edvoc a <strong>EDUARDO GUTI\u00c9RREZ Y\u00c1\u00d1EZ<\/strong> perqu\u00e8 procedeixi al tractament de les dades facilitades en pro de les finalitats esmentades. <\/p>\n<p style=\"text-align: justify;\">No facilitar les dades personals sol\u00b7licitades o no acceptar aquesta pol\u00edtica de protecci\u00f3 de dades suposa la impossibilitat de subscriure&#8217;s, registrar-se o rebre informaci\u00f3 dels productes i serveis del prestador.<\/p>\n<p style=\"text-align: justify;\">De conformitat amb el que disposen les normatives vigents en protecci\u00f3 de dades personals, el prestador est\u00e0 complint totes les disposicions de les normatives RGPD i LOPD per al tractament de les dades personals de la seva responsabilitat, i manifestament amb els principis descrits a l&#8217;art. 5 del RGPD i l&#8217;art. 4 de la LOPD, pels quals s\u00f3n tractats de manera l\u00edcita, lleial i transparent en relaci\u00f3 amb linteressat i adequats, pertinents i limitats al que \u00e9s necessari en relaci\u00f3 amb els fins per als quals s\u00f3n tractats.<\/p>\n<p style=\"text-align: justify;\">El Prestador garanteix que ha implementat pol\u00edtiques t\u00e8cniques i organitzatives apropiades per aplicar les mesures de seguretat que estableixen el RGPD i la LOPD per protegir els drets i les llibertats dels Usuaris.<\/p>\n<p style=\"text-align: justify;\">D&#8217;acord amb aquestes normatives, doncs, us informem que teniu dret a sol\u00b7licitar l&#8217;acc\u00e9s, rectificaci\u00f3, portabilitat i supressi\u00f3 de les vostres dades i la limitaci\u00f3 i oposici\u00f3 al vostre tractament dirigint-vos a C\/Sardenya, 209 bis, 08013 Barcelona, \u200b\u200benviant un correu electr\u00f2nic a info@abrilbike.com, indicant com a Assumpte: \u201cLOPD, Drets ARCO&#8221; y adjuntant fotoc\u00f2pia del seu DNI o qualsevol mitj\u00e0 an\u00e0leg en dret, tal com indica la llei. Teniu dret a retirar el consentiment prestat en qualsevol moment. La retirada del consentiment no afecta la licitud del tractament efectuat abans de la retirada del consentiment. Tamb\u00e9 t\u00e9 dret a presentar una reclamaci\u00f3 davant l&#8217;autoritat de control si considera que els seus drets s&#8217;han vist vulnerats en relaci\u00f3 amb la protecci\u00f3 de les seves dades (agpd.es).   <\/p>\n<h3 style=\"text-align: justify;\"><strong>CONFIDENCIALITAT I CESSI\u00d3 DE DADES A TERCERS<\/strong><\/h3>\n<p style=\"text-align: justify;\">Les dades que ens faciliti es tractaran de manera confidencial. El prestador ha adoptat totes les mesures t\u00e8cniques i organitzatives i tots els nivells de protecci\u00f3 necessaris per garantir la seguretat en el tractament de les dades i evitar-ne l&#8217;alteraci\u00f3, la p\u00e8rdua, el robatori, el tractament o l&#8217;acc\u00e9s no autoritzat, d&#8217;acord amb l&#8217;estat de la tecnologia i la naturalesa de les dades emmagatzemades. Aix\u00ed mateix, es garanteix tamb\u00e9 que el tractament i registre en fitxers, programes, sistemes o equips, locals i centres compleixen els requisits i les condicions d&#8217;integritat i seguretat establertes a la normativa vigent.  <\/p>\n<p style=\"text-align: justify;\"><strong>EDUARDO GUTI\u00c9RREZ Y\u00c1\u00d1EZ<\/strong> no cedir\u00e0 les dades personals a tercers, excepte per obligaci\u00f3 legal. Aix\u00f2 no obstant, en el cas de ser cedits a algun tercer es produiria una informaci\u00f3 pr\u00e8via sol\u00b7licitant el consentiment expr\u00e9s per a aquesta cessi\u00f3. L&#8217;entitat responsable de la base de dades, aix\u00ed com els que intervinguin en qualsevol fase del tractament i\/o les entitats a qui se&#8217;ls hagi comunicat -en tot cas sempre amb la corresponent autoritzaci\u00f3 atorgada per l&#8217;usuari-, estan obligades a conservar el secret professional i a l&#8217;adopci\u00f3 dels nivells de protecci\u00f3 i les mesures t\u00e8cniques i organitzatives necess\u00e0ries al seu abast per garantir la seguretat de les dades de car\u00e0cter personal, evitant, dins del possible, accessos no autoritzats, modificacions il.l\u00edcites, substraccions i\/o la p\u00e8rdua de les dades, a fi de procurar el corresponent nivell de seguretat dels fitxers del Prestador, segons la naturalesa i sensibilitat de les dades facilitades pels usuaris del present lloc web.  <\/p>\n<h3 style=\"text-align: justify;\"><strong>ACCEPTACI\u00d3 I CONSENTIMENT<\/strong><\/h3>\n<p style=\"text-align: justify;\">L&#8217;Usuari declara haver estat informat de les condicions sobre protecci\u00f3 de dades de car\u00e0cter personal, acceptant i consentint-ne el tractament automatitzat per part d&#8217;<strong>EDUARDO GUTI\u00c9RREZ Y\u00c1\u00d1EZ<\/strong> en la forma i per a les finalitats indicades a la present Pol\u00edtica de Protecci\u00f3 de Dades Personals.<\/p>\n<p style=\"text-align: justify;\">A trav\u00e9s d&#8217;aquesta Pol\u00edtica de Privacitat us informem que les fotografies que estiguin penjades a la web s\u00f3n propietat d&#8217;<strong>EDUARDO GUTI\u00c9RREZ Y\u00c1\u00d1EZ<\/strong>, incloent les dels menors, en les quals, per a l&#8217;obtenci\u00f3 d&#8217;aquestes, s&#8217;ha obtingut el consentiment previ dels pares, tutors o representants legals mitjan\u00e7ant la signatura dels formularis realitzats a aquest efecte. Aix\u00f2 no obstant, els pares, tutors o representants dels menors, com a titulars de l&#8217;exercici dels drets d&#8217;aquests, i sempre amb el requeriment formal previ per escrit, poden indicar la negativa a l&#8217;\u00fas de la imatge del menor; en aquest cas, la imatge es mostrar\u00e0 pixelada. <\/p>\n<h3 style=\"text-align: justify;\"><strong>EXACTITUD I VERACITAT DE LES DADES<\/strong><\/h3>\n<p style=\"text-align: justify;\">L&#8217;usuari \u00e9s l&#8217;\u00fanic responsable de la veracitat i correcci\u00f3 de les dades que remeti a <strong>EDUARDO GUTI\u00c9RREZ Y\u00c1\u00d1EZ<\/strong>, exonerant al Prestador de qualsevol responsabilitat al respecte. Els usuaris garanteixen i responen, en qualsevol cas, de l&#8217;exactitud, vig\u00e8ncia i autenticitat de les dades personals facilitades, i es comprometen a mantenir-les degudament actualitzades. L&#8217;usuari accepta proporcionar informaci\u00f3 completa i correcta al formulari de registre o subscripci\u00f3.  <\/p>\n<h3 style=\"text-align: justify;\"><strong>CONTINGUT DE LA WEB I ENLLA\u00c7OS (LINKS)<\/strong><\/h3>\n<p style=\"text-align: justify;\"><strong>EDUARDO GUTI\u00c9RREZ Y\u00c1\u00d1EZ<\/strong> es reserva el dret a actualitzar, modificar o eliminar la informaci\u00f3 continguda a la web, podent, fins i tot, limitar o no permetre l&#8217;acc\u00e9s a la informaci\u00f3.<\/p>\n<p style=\"text-align: justify;\"><strong>EDUARDO GUTI\u00c9RREZ Y\u00c1\u00d1EZ<\/strong> no assumeix cap tipus de responsabilitat per la informaci\u00f3 continguda a les Webs de tercers a qu\u00e8 es pugui accedir pels \u00ablinks\u00bb o enlla\u00e7os des de qualsevol p\u00e0gina Web propietat del Prestador.<\/p>\n<p style=\"text-align: justify;\">La pres\u00e8ncia de links o enlla\u00e7os nom\u00e9s tenen finalitat informativa i en cap cas suposa cap suggeriment, invitaci\u00f3 o reconeixement sobre aquests.<\/p>\n<h3 style=\"text-align: justify;\"><strong>SUBSCRIPCI\u00d3 AL BLOC D&#8217;ABRILBIKE.COM<\/strong><\/h3>\n<p style=\"text-align: justify;\">En cas que l&#8217;usuari se subscrigui al bloc, us informem que les dades aportades seran tractades per gestionar la vostra subscripci\u00f3 al bloc informatiu amb av\u00eds d&#8217;actualitzaci\u00f3 i que es conservaran mentre hi hagi un inter\u00e8s mutu per mantenir la fi del tractament. Quan ja no sigui necessari per a tal fi, se suprimiran amb mesures de seguretat adequades per garantir la pseudonimitzaci\u00f3 de les dades o destrucci\u00f3 total de les dades. No es comunicaran les dades a tercers, excepte l&#8217;obligaci\u00f3 legal.  <\/p>\n<h3 style=\"text-align: justify;\"><strong>PARTICIPACI\u00d3 EN F\u00d2RUMS<\/strong><\/h3>\n<p style=\"text-align: justify;\">En cas que l&#8217;usuari vulgui participar en els f\u00f2rums de la web, us informem que les dades aportades seran tractades per regular la participaci\u00f3. Qualsevol registre o transmissi\u00f3 de dades personals que l&#8217;usuari d&#8217;aquest f\u00f2rum faciliti suposa el coneixement i l&#8217;acceptaci\u00f3 inequ\u00edvoca de l&#8217;Av\u00eds Legal i la Pol\u00edtica de Privadesa exposats a la p\u00e0gina web. Les dades es conservaran mentre hi hagi un inter\u00e8s mutu per mantenir la fi del tractament i quan ja no sigui necessari per a aquesta finalitat, se suprimiran amb mesures de seguretat adequades per garantir la pseudonimitzaci\u00f3 de les dades o destrucci\u00f3 total d&#8217;aquestes. Les publicacions es mostraran p\u00fablicament als usuaris del f\u00f2rum en l\u00ednia.   <\/p>\n<h3 style=\"text-align: justify;\"><strong>PUBLICACI\u00d3 DEL SEU TESTIMONI<\/strong><\/h3>\n<p style=\"text-align: justify;\">En cas que l&#8217;usuari vulgui publicar la seva opini\u00f3 a la web, us informem que les dades aportades seran tractades per atendre els suggeriments proposats, experi\u00e8ncies o opinions respecte dels productes i\/o serveis per ser publicats a la p\u00e0gina web i aix\u00ed poder ajudar altres usuaris. Les dades es conservaran mentre hi hagi un inter\u00e8s mutu per mantenir la fi del tractament i quan ja no sigui necessari per a aquesta finalitat, se suprimiran amb mesures de seguretat adequades per garantir la pseudonimitzaci\u00f3 de les dades o destrucci\u00f3 total d&#8217;aquestes. Els testimonis es publicaran a la nostra p\u00e0gina web. L&#8217;\u00fanica dada personal que es publicar\u00e0 del testimoni ser\u00e0 el seu nom.   <\/p>\n<h3 style=\"text-align: justify;\"><strong>CANVIS A LA PRESENT POL\u00cdTICA DE PRIVACITAT<\/strong><\/h3>\n<p style=\"text-align: justify;\"><strong>EDUARDO GUTI\u00c9RREZ Y\u00c1\u00d1EZ<\/strong> es reserva el dret a modificar aquesta pol\u00edtica per adaptar-la a novetats legislatives o jurisprudencials.<\/p>\n<h3 style=\"text-align: justify;\"><strong>CORREUS COMERCIALS<\/strong><\/h3>\n<p style=\"text-align: justify;\">A cadascun dels formularis de la P\u00e0gina Web, l&#8217;Usuari t\u00e9 la possibilitat de donar el seu consentiment expr\u00e9s per rebre el nostre Butllet\u00ed, amb independ\u00e8ncia de la informaci\u00f3 comercial puntualment sol\u00b7licitada.<\/p>\n<h3 style=\"text-align: justify;\"><strong>LEGISLACI\u00d3<\/strong><\/h3>\n<p style=\"text-align: justify;\">Amb car\u00e0cter general les relacions entre <strong>EDUARDO GUTI\u00c9RREZ Y\u00c1\u00d1EZ<\/strong> amb els Usuaris dels seus serveis telem\u00e0tics, presents en aquesta Web, estan sotmesos a la legislaci\u00f3 i jurisdicci\u00f3 espanyola a qu\u00e8 se sotmeten expressament les parts, sent competents per la resoluci\u00f3 de tots els conflictes derivats o relacionats amb el seu \u00fas els Jutjats i Tribunals de Barcelona.<\/p>\n<p>[\/et_pb_text][\/et_pb_column][\/et_pb_row][\/et_pb_section]<\/p>\n","protected":false},"excerpt":{"rendered":"<p>Pol\u00edtica de Privacitat En compliment del Cap\u00edtol II de la llei 34\/2002, LSSICE, us informem que la present p\u00e0gina web abrilbike.com \u00e9s propietat d&#8217;EDUARDO GUTI\u00c9RREZ Y\u00c1\u00d1EZ, d&#8217;ara endavant tamb\u00e9 el Prestador, amb domicili social al C\/Sardenya, 209 bis, 08013 Barcelona, amb CIF 37388052B, i email: info@abrilbike.com. EDUARDO GUTI\u00c9RREZ Y\u00c1\u00d1EZ, com a responsable del present Lloc [&hellip;]<\/p>\n","protected":false},"author":2,"featured_media":0,"parent":0,"menu_order":0,"comment_status":"closed","ping_status":"closed","template":"","meta":{"_et_pb_use_builder":"on","_et_pb_old_content":"","_et_gb_content_width":"","_joinchat":[],"footnotes":""},"class_list":["post-14750","page","type-page","status-publish","hentry"],"yoast_head":"<!-- This site is optimized with the Yoast SEO plugin v27.3 - https:\/\/yoast.com\/product\/yoast-seo-wordpress\/ -->\n<title>Pol\u00edtica de privacitat - Bicicletes abrilbike<\/title>\n<meta name=\"description\" content=\"Pol\u00edtica de privacitat d&#039;abrilbike.com\" \/>\n<meta name=\"robots\" content=\"noindex, nofollow\" \/>\n<meta property=\"og:locale\" content=\"ca_ES\" \/>\n<meta property=\"og:type\" content=\"article\" \/>\n<meta property=\"og:title\" content=\"Pol\u00edtica de privacitat - Bicicletes abrilbike\" \/>\n<meta property=\"og:description\" content=\"Pol\u00edtica de privacitat d&#039;abrilbike.com\" \/>\n<meta property=\"og:url\" content=\"https:\/\/abrilbike.com\/ca\/privacy-policy-2\/\" \/>\n<meta property=\"og:site_name\" content=\"Bicicletes abrilbike\" \/>\n<meta property=\"article:publisher\" content=\"https:\/\/www.facebook.com\/abrilbike\/\" \/>\n<meta property=\"article:modified_time\" content=\"2025-07-07T03:52:24+00:00\" \/>\n<meta name=\"twitter:card\" content=\"summary_large_image\" \/>\n<meta name=\"twitter:site\" content=\"@abrilbike\" \/>\n<meta name=\"twitter:label1\" content=\"Temps estimat de lectura\" \/>\n\t<meta name=\"twitter:data1\" content=\"9 minuts\" \/>\n<script type=\"application\/ld+json\" class=\"yoast-schema-graph\">{\"@context\":\"https:\\\/\\\/schema.org\",\"@graph\":[{\"@type\":\"WebPage\",\"@id\":\"https:\\\/\\\/abrilbike.com\\\/ca\\\/privacy-policy-2\\\/\",\"url\":\"https:\\\/\\\/abrilbike.com\\\/ca\\\/privacy-policy-2\\\/\",\"name\":\"Pol\u00edtica de privacitat - Bicicletes abrilbike\",\"isPartOf\":{\"@id\":\"https:\\\/\\\/abrilbike.com\\\/ca\\\/#website\"},\"datePublished\":\"2021-06-13T06:50:02+00:00\",\"dateModified\":\"2025-07-07T03:52:24+00:00\",\"description\":\"Pol\u00edtica de privacitat d'abrilbike.com\",\"breadcrumb\":{\"@id\":\"https:\\\/\\\/abrilbike.com\\\/ca\\\/privacy-policy-2\\\/#breadcrumb\"},\"inLanguage\":\"ca\",\"potentialAction\":[{\"@type\":\"ReadAction\",\"target\":[\"https:\\\/\\\/abrilbike.com\\\/ca\\\/privacy-policy-2\\\/\"]}]},{\"@type\":\"BreadcrumbList\",\"@id\":\"https:\\\/\\\/abrilbike.com\\\/ca\\\/privacy-policy-2\\\/#breadcrumb\",\"itemListElement\":[{\"@type\":\"ListItem\",\"position\":1,\"name\":\"Portada\",\"item\":\"https:\\\/\\\/abrilbike.com\\\/ca\\\/\"},{\"@type\":\"ListItem\",\"position\":2,\"name\":\"Pol\u00edtica de privacitat\"}]},{\"@type\":\"WebSite\",\"@id\":\"https:\\\/\\\/abrilbike.com\\\/ca\\\/#website\",\"url\":\"https:\\\/\\\/abrilbike.com\\\/ca\\\/\",\"name\":\"Bicicletas abrilbike\",\"description\":\"Botiga, taller, bike rental i restauradors de bicicletes a Barcelona\",\"publisher\":{\"@id\":\"https:\\\/\\\/abrilbike.com\\\/ca\\\/#organization\"},\"alternateName\":\"Bicis abrilbike Barcelona\",\"potentialAction\":[{\"@type\":\"SearchAction\",\"target\":{\"@type\":\"EntryPoint\",\"urlTemplate\":\"https:\\\/\\\/abrilbike.com\\\/ca\\\/?s={search_term_string}\"},\"query-input\":{\"@type\":\"PropertyValueSpecification\",\"valueRequired\":true,\"valueName\":\"search_term_string\"}}],\"inLanguage\":\"ca\"},{\"@type\":\"Organization\",\"@id\":\"https:\\\/\\\/abrilbike.com\\\/ca\\\/#organization\",\"name\":\"Bicicletes abrilbike\",\"alternateName\":\"Bici Abrilbike Barcelona\",\"url\":\"https:\\\/\\\/abrilbike.com\\\/ca\\\/\",\"logo\":{\"@type\":\"ImageObject\",\"inLanguage\":\"ca\",\"@id\":\"https:\\\/\\\/abrilbike.com\\\/ca\\\/#\\\/schema\\\/logo\\\/image\\\/\",\"url\":\"https:\\\/\\\/abrilbike.com\\\/web21\\\/wp-content\\\/uploads\\\/2021\\\/08\\\/Abrilbike_Logo_In_sobreBlanco-1.png\",\"contentUrl\":\"https:\\\/\\\/abrilbike.com\\\/web21\\\/wp-content\\\/uploads\\\/2021\\\/08\\\/Abrilbike_Logo_In_sobreBlanco-1.png\",\"width\":78,\"height\":73,\"caption\":\"Bicicletes abrilbike\"},\"image\":{\"@id\":\"https:\\\/\\\/abrilbike.com\\\/ca\\\/#\\\/schema\\\/logo\\\/image\\\/\"},\"sameAs\":[\"https:\\\/\\\/www.facebook.com\\\/abrilbike\\\/\",\"https:\\\/\\\/x.com\\\/abrilbike\",\"https:\\\/\\\/www.instagram.com\\\/abrilbike\\\/?hl=es\"]}]}<\/script>\n<!-- \/ Yoast SEO plugin. -->","yoast_head_json":{"title":"Pol\u00edtica de privacitat - Bicicletes abrilbike","description":"Pol\u00edtica de privacitat d'abrilbike.com","robots":{"index":"noindex","follow":"nofollow"},"og_locale":"ca_ES","og_type":"article","og_title":"Pol\u00edtica de privacitat - Bicicletes abrilbike","og_description":"Pol\u00edtica de privacitat d'abrilbike.com","og_url":"https:\/\/abrilbike.com\/ca\/privacy-policy-2\/","og_site_name":"Bicicletes abrilbike","article_publisher":"https:\/\/www.facebook.com\/abrilbike\/","article_modified_time":"2025-07-07T03:52:24+00:00","twitter_card":"summary_large_image","twitter_site":"@abrilbike","twitter_misc":{"Temps estimat de lectura":"9 minuts"},"schema":{"@context":"https:\/\/schema.org","@graph":[{"@type":"WebPage","@id":"https:\/\/abrilbike.com\/ca\/privacy-policy-2\/","url":"https:\/\/abrilbike.com\/ca\/privacy-policy-2\/","name":"Pol\u00edtica de privacitat - Bicicletes abrilbike","isPartOf":{"@id":"https:\/\/abrilbike.com\/ca\/#website"},"datePublished":"2021-06-13T06:50:02+00:00","dateModified":"2025-07-07T03:52:24+00:00","description":"Pol\u00edtica de privacitat d'abrilbike.com","breadcrumb":{"@id":"https:\/\/abrilbike.com\/ca\/privacy-policy-2\/#breadcrumb"},"inLanguage":"ca","potentialAction":[{"@type":"ReadAction","target":["https:\/\/abrilbike.com\/ca\/privacy-policy-2\/"]}]},{"@type":"BreadcrumbList","@id":"https:\/\/abrilbike.com\/ca\/privacy-policy-2\/#breadcrumb","itemListElement":[{"@type":"ListItem","position":1,"name":"Portada","item":"https:\/\/abrilbike.com\/ca\/"},{"@type":"ListItem","position":2,"name":"Pol\u00edtica de privacitat"}]},{"@type":"WebSite","@id":"https:\/\/abrilbike.com\/ca\/#website","url":"https:\/\/abrilbike.com\/ca\/","name":"Bicicletas abrilbike","description":"Botiga, taller, bike rental i restauradors de bicicletes a Barcelona","publisher":{"@id":"https:\/\/abrilbike.com\/ca\/#organization"},"alternateName":"Bicis abrilbike Barcelona","potentialAction":[{"@type":"SearchAction","target":{"@type":"EntryPoint","urlTemplate":"https:\/\/abrilbike.com\/ca\/?s={search_term_string}"},"query-input":{"@type":"PropertyValueSpecification","valueRequired":true,"valueName":"search_term_string"}}],"inLanguage":"ca"},{"@type":"Organization","@id":"https:\/\/abrilbike.com\/ca\/#organization","name":"Bicicletes abrilbike","alternateName":"Bici Abrilbike Barcelona","url":"https:\/\/abrilbike.com\/ca\/","logo":{"@type":"ImageObject","inLanguage":"ca","@id":"https:\/\/abrilbike.com\/ca\/#\/schema\/logo\/image\/","url":"https:\/\/abrilbike.com\/web21\/wp-content\/uploads\/2021\/08\/Abrilbike_Logo_In_sobreBlanco-1.png","contentUrl":"https:\/\/abrilbike.com\/web21\/wp-content\/uploads\/2021\/08\/Abrilbike_Logo_In_sobreBlanco-1.png","width":78,"height":73,"caption":"Bicicletes abrilbike"},"image":{"@id":"https:\/\/abrilbike.com\/ca\/#\/schema\/logo\/image\/"},"sameAs":["https:\/\/www.facebook.com\/abrilbike\/","https:\/\/x.com\/abrilbike","https:\/\/www.instagram.com\/abrilbike\/?hl=es"]}]}},"_links":{"self":[{"href":"https:\/\/abrilbike.com\/ca\/wp-json\/wp\/v2\/pages\/14750","targetHints":{"allow":["GET"]}}],"collection":[{"href":"https:\/\/abrilbike.com\/ca\/wp-json\/wp\/v2\/pages"}],"about":[{"href":"https:\/\/abrilbike.com\/ca\/wp-json\/wp\/v2\/types\/page"}],"author":[{"embeddable":true,"href":"https:\/\/abrilbike.com\/ca\/wp-json\/wp\/v2\/users\/2"}],"replies":[{"embeddable":true,"href":"https:\/\/abrilbike.com\/ca\/wp-json\/wp\/v2\/comments?post=14750"}],"version-history":[{"count":12,"href":"https:\/\/abrilbike.com\/ca\/wp-json\/wp\/v2\/pages\/14750\/revisions"}],"predecessor-version":[{"id":14847,"href":"https:\/\/abrilbike.com\/ca\/wp-json\/wp\/v2\/pages\/14750\/revisions\/14847"}],"wp:attachment":[{"href":"https:\/\/abrilbike.com\/ca\/wp-json\/wp\/v2\/media?parent=14750"}],"curies":[{"name":"wp","href":"https:\/\/api.w.org\/{rel}","templated":true}]}}