{"id":14795,"date":"2023-11-06T16:02:10","date_gmt":"2023-11-06T14:02:10","guid":{"rendered":"https:\/\/abrilbike.com\/producto\/bicicleta-cinelli-gazzeta-della-strada-blue-sea-shimano-alvio-9-speed\/"},"modified":"2025-07-12T07:18:01","modified_gmt":"2025-07-12T05:18:01","slug":"bicicleta-cinelli-gazzeta-della-strada-blue-sea-shimano-alvio-9-speed","status":"publish","type":"product","link":"https:\/\/abrilbike.com\/ca\/producte\/bicicleta-cinelli-gazzeta-della-strada-blue-sea-shimano-alvio-9-speed\/","title":{"rendered":"BICICLETA CINELLI GAZZETA DELLA STRADA BLUE SEA SHIMANO ALVIO 9 SPEED"},"content":{"rendered":"<p><strong>Quadre:<\/strong> COLUMBUS Cromor de acer doble conificat. <strong>Forquilla:<\/strong> COLUMBUS d&#8217;acer Cr-Mo, 1&#8243;-1\/8.<strong>Llandes:<\/strong> Shining 28&#8243; (26&#8243; \u2013 XS). <strong>Cobertes:<\/strong> KENDA Flintridge\/ 700x35c. <strong>Pedalier i plats:<\/strong> FSA Vero Compact \/ 46-36T \u2013 Size 170mm (XS\/S\/M) 175mm (L\/XL). <strong>Eix de pedalier:<\/strong> FSA \/ BSA 68mm. <strong>Cadena:<\/strong> KMC (X9). <b>Desviador davanter:<\/b> SHIMANO Alivio \/ Band type. <b>Canvi posterior:<\/b> Shimano Alivio \/ 9 velocidades. <b>Cassette:<\/b> SHIMANO \/ 9 velocitats \/ 11-34T. <strong>Maneta de canvi:<\/strong> Shimano Alivio. <strong>Frens:<\/strong> TEKTRO MD-M280 \/ TR160 160mm rotors. <strong>Pot\u00e8ncia:<\/strong> CINELLI 6061 100 (XS\/S) 110 (M\/L\/XL). <strong>Manillar:<\/strong> CINELLI plano 6061 \/ \u00d8 31,8. Talla 560 (XS\/S\/M\/L\/XL). <strong>Tija<\/strong>: CINELLI 6061 Seat Post \/ \u00d827,2 \/ L300. <strong>Seient<\/strong>: Cinelli SSM Era custom. <strong>Pes<\/strong>:12,5 kg. (M)<\/p>\n<p>Amb portaequipatges davanter. Pedals no inclosos <\/p>\n<p>Els components poden patir algun canvi segons disponibilitat, mantenint la qualitat.<\/p>\n","protected":false},"excerpt":{"rendered":"<p>Color: blue sea<\/p>\n<p>CONSULTAR DISPONIBILITAT<\/p>\n<p>La bicicleta urbana <strong>Cinelli Gazzetta della Strada<\/strong> \u00e9s una bicicleta d\u2019aspecte cl\u00e0ssic i elegant d\u2019alt rendiment. T\u00e9 una conducci\u00f3 suau i c\u00f2moda que l\u2019adapta a la ciutat i a terrenys sense asfaltar. Quadre d\u2019acer doble conificat <strong>COLUMBUS Cromor.<\/strong>  <\/p>\n<p>Si desitges m\u00e9s informaci\u00f3 d&#8217;aquest model de bicicleta, clica a CONSULTAR i emplena el seg\u00fcent formulari amb les teves dades. Et respondrem el m\u00e9s aviat possible. <\/p>\n<p><button class=\"popmake-10872 pum-trigger\" style=\"cursor: pointer; background-color: #af002e; color: #fff !important; white-space: nowrap; padding: 0.618em 1em; font-weight: bold; border-radius: 3px; border-color: #af002e; border-width: 4px; display: inline-block; box-shadow: none;\"><img decoding=\"async\" src=\"https:\/\/abrilbike.com\/web21\/wp-content\/uploads\/2023\/08\/imatge-mail-sobre.png\" width=\"17px\" height=\"13px\"> CONSULTAR<\/button><\/p>\n<p>&nbsp;<\/p>\n","protected":false},"featured_media":14549,"template":"","meta":{"_et_pb_use_builder":"","_et_pb_old_content":"","_et_gb_content_width":"","_joinchat":[]},"product_brand":[517],"product_cat":[291],"product_tag":[300,306,371],"class_list":{"0":"post-14795","1":"product","2":"type-product","3":"status-publish","4":"has-post-thumbnail","6":"product_brand-cinelli-ca","7":"product_cat-bicicletes-cinelli","8":"product_tag-bicicleta-ca","9":"product_tag-cinelli-ca","10":"product_tag-gazzetta-ca","12":"first","13":"instock","14":"sold-individually","15":"taxable","16":"shipping-taxable","17":"purchasable","18":"product-type-simple"},"yoast_head":"<!-- This site is optimized with the Yoast SEO plugin v27.5 - https:\/\/yoast.com\/product\/yoast-seo-wordpress\/ -->\n<title>BICICLETA CINELLI GAZZETA DELLA STRADA BLUE SEA SHIMANO ALVIO 9 SPEED - Bicicletes abrilbike Barcelona<\/title>\n<meta name=\"description\" content=\"BICICLETA CINELLI Gazzeta della Strada, muntada amb quadre d&#039;acer Columbus cromos, forqueta d&#039;acer Cr-Mo i cassette Shimano 9V\" \/>\n<meta name=\"robots\" content=\"index, follow, max-snippet:-1, max-image-preview:large, max-video-preview:-1\" \/>\n<link rel=\"canonical\" href=\"https:\/\/abrilbike.com\/ca\/producte\/bicicleta-cinelli-gazzeta-della-strada-blue-sea-shimano-alvio-9-speed\/\" \/>\n<meta property=\"og:locale\" content=\"ca_ES\" \/>\n<meta property=\"og:type\" content=\"article\" \/>\n<meta property=\"og:title\" content=\"BICICLETA CINELLI GAZZETA DELLA STRADA BLUE SEA SHIMANO ALVIO 9 SPEED - Bicicletes abrilbike Barcelona\" \/>\n<meta property=\"og:description\" content=\"BICICLETA CINELLI Gazzeta della Strada, muntada amb quadre d&#039;acer Columbus cromos, forqueta d&#039;acer Cr-Mo i cassette Shimano 9V\" \/>\n<meta property=\"og:url\" content=\"https:\/\/abrilbike.com\/ca\/producte\/bicicleta-cinelli-gazzeta-della-strada-blue-sea-shimano-alvio-9-speed\/\" \/>\n<meta property=\"og:site_name\" content=\"Bicicletes abrilbike\" \/>\n<meta property=\"article:publisher\" content=\"https:\/\/www.facebook.com\/abrilbike\/\" \/>\n<meta property=\"article:modified_time\" content=\"2025-07-12T05:18:01+00:00\" \/>\n<meta property=\"og:image\" content=\"https:\/\/abrilbike.com\/web21\/wp-content\/uploads\/2023\/11\/Bicicleta-Cinelli-gazzetta-della-strada.jpeg\" \/>\n\t<meta property=\"og:image:width\" content=\"458\" \/>\n\t<meta property=\"og:image:height\" content=\"458\" \/>\n\t<meta property=\"og:image:type\" content=\"image\/jpeg\" \/>\n<meta name=\"twitter:card\" content=\"summary_large_image\" \/>\n<meta name=\"twitter:site\" content=\"@abrilbike\" \/>\n<meta name=\"twitter:label1\" content=\"Temps estimat de lectura\" \/>\n\t<meta name=\"twitter:data1\" content=\"1 minut\" \/>\n<script type=\"application\/ld+json\" class=\"yoast-schema-graph\">{\"@context\":\"https:\\\/\\\/schema.org\",\"@graph\":[{\"@type\":\"WebPage\",\"@id\":\"https:\\\/\\\/abrilbike.com\\\/ca\\\/producte\\\/bicicleta-cinelli-gazzeta-della-strada-blue-sea-shimano-alvio-9-speed\\\/\",\"url\":\"https:\\\/\\\/abrilbike.com\\\/ca\\\/producte\\\/bicicleta-cinelli-gazzeta-della-strada-blue-sea-shimano-alvio-9-speed\\\/\",\"name\":\"BICICLETA CINELLI GAZZETA DELLA STRADA BLUE SEA SHIMANO ALVIO 9 SPEED - Bicicletes abrilbike Barcelona\",\"isPartOf\":{\"@id\":\"https:\\\/\\\/abrilbike.com\\\/ca\\\/#website\"},\"primaryImageOfPage\":{\"@id\":\"https:\\\/\\\/abrilbike.com\\\/ca\\\/producte\\\/bicicleta-cinelli-gazzeta-della-strada-blue-sea-shimano-alvio-9-speed\\\/#primaryimage\"},\"image\":{\"@id\":\"https:\\\/\\\/abrilbike.com\\\/ca\\\/producte\\\/bicicleta-cinelli-gazzeta-della-strada-blue-sea-shimano-alvio-9-speed\\\/#primaryimage\"},\"thumbnailUrl\":\"https:\\\/\\\/abrilbike.com\\\/web21\\\/wp-content\\\/uploads\\\/2023\\\/11\\\/Bicicleta-Cinelli-gazzetta-della-strada.jpeg\",\"datePublished\":\"2023-11-06T14:02:10+00:00\",\"dateModified\":\"2025-07-12T05:18:01+00:00\",\"description\":\"BICICLETA CINELLI Gazzeta della Strada, muntada amb quadre d'acer Columbus cromos, forqueta d'acer Cr-Mo i cassette Shimano 9V\",\"breadcrumb\":{\"@id\":\"https:\\\/\\\/abrilbike.com\\\/ca\\\/producte\\\/bicicleta-cinelli-gazzeta-della-strada-blue-sea-shimano-alvio-9-speed\\\/#breadcrumb\"},\"inLanguage\":\"ca\",\"potentialAction\":[{\"@type\":\"ReadAction\",\"target\":[\"https:\\\/\\\/abrilbike.com\\\/ca\\\/producte\\\/bicicleta-cinelli-gazzeta-della-strada-blue-sea-shimano-alvio-9-speed\\\/\"]}]},{\"@type\":\"ImageObject\",\"inLanguage\":\"ca\",\"@id\":\"https:\\\/\\\/abrilbike.com\\\/ca\\\/producte\\\/bicicleta-cinelli-gazzeta-della-strada-blue-sea-shimano-alvio-9-speed\\\/#primaryimage\",\"url\":\"https:\\\/\\\/abrilbike.com\\\/web21\\\/wp-content\\\/uploads\\\/2023\\\/11\\\/Bicicleta-Cinelli-gazzetta-della-strada.jpeg\",\"contentUrl\":\"https:\\\/\\\/abrilbike.com\\\/web21\\\/wp-content\\\/uploads\\\/2023\\\/11\\\/Bicicleta-Cinelli-gazzetta-della-strada.jpeg\",\"width\":458,\"height\":458},{\"@type\":\"BreadcrumbList\",\"@id\":\"https:\\\/\\\/abrilbike.com\\\/ca\\\/producte\\\/bicicleta-cinelli-gazzeta-della-strada-blue-sea-shimano-alvio-9-speed\\\/#breadcrumb\",\"itemListElement\":[{\"@type\":\"ListItem\",\"position\":1,\"name\":\"Portada\",\"item\":\"https:\\\/\\\/abrilbike.com\\\/ca\\\/\"},{\"@type\":\"ListItem\",\"position\":2,\"name\":\"Botiga\",\"item\":\"https:\\\/\\\/abrilbike.com\\\/ca\\\/botiga\\\/\"},{\"@type\":\"ListItem\",\"position\":3,\"name\":\"BICICLETA CINELLI GAZZETA DELLA STRADA BLUE SEA SHIMANO ALVIO 9 SPEED\"}]},{\"@type\":\"WebSite\",\"@id\":\"https:\\\/\\\/abrilbike.com\\\/ca\\\/#website\",\"url\":\"https:\\\/\\\/abrilbike.com\\\/ca\\\/\",\"name\":\"Bicicletas abrilbike\",\"description\":\"Botiga, taller, bike rental i restauradors de bicicletes a Barcelona\",\"publisher\":{\"@id\":\"https:\\\/\\\/abrilbike.com\\\/ca\\\/#organization\"},\"alternateName\":\"Bicis abrilbike Barcelona\",\"potentialAction\":[{\"@type\":\"SearchAction\",\"target\":{\"@type\":\"EntryPoint\",\"urlTemplate\":\"https:\\\/\\\/abrilbike.com\\\/ca\\\/?s={search_term_string}\"},\"query-input\":{\"@type\":\"PropertyValueSpecification\",\"valueRequired\":true,\"valueName\":\"search_term_string\"}}],\"inLanguage\":\"ca\"},{\"@type\":\"Organization\",\"@id\":\"https:\\\/\\\/abrilbike.com\\\/ca\\\/#organization\",\"name\":\"Bicicletes abrilbike\",\"alternateName\":\"Bici Abrilbike Barcelona\",\"url\":\"https:\\\/\\\/abrilbike.com\\\/ca\\\/\",\"logo\":{\"@type\":\"ImageObject\",\"inLanguage\":\"ca\",\"@id\":\"https:\\\/\\\/abrilbike.com\\\/ca\\\/#\\\/schema\\\/logo\\\/image\\\/\",\"url\":\"https:\\\/\\\/abrilbike.com\\\/web21\\\/wp-content\\\/uploads\\\/2021\\\/08\\\/Abrilbike_Logo_In_sobreBlanco-1.png\",\"contentUrl\":\"https:\\\/\\\/abrilbike.com\\\/web21\\\/wp-content\\\/uploads\\\/2021\\\/08\\\/Abrilbike_Logo_In_sobreBlanco-1.png\",\"width\":78,\"height\":73,\"caption\":\"Bicicletes abrilbike\"},\"image\":{\"@id\":\"https:\\\/\\\/abrilbike.com\\\/ca\\\/#\\\/schema\\\/logo\\\/image\\\/\"},\"sameAs\":[\"https:\\\/\\\/www.facebook.com\\\/abrilbike\\\/\",\"https:\\\/\\\/x.com\\\/abrilbike\",\"https:\\\/\\\/www.instagram.com\\\/abrilbike\\\/?hl=es\"]}]}<\/script>\n<!-- \/ Yoast SEO plugin. -->","yoast_head_json":{"title":"BICICLETA CINELLI GAZZETA DELLA STRADA BLUE SEA SHIMANO ALVIO 9 SPEED - Bicicletes abrilbike Barcelona","description":"BICICLETA CINELLI Gazzeta della Strada, muntada amb quadre d'acer Columbus cromos, forqueta d'acer Cr-Mo i cassette Shimano 9V","robots":{"index":"index","follow":"follow","max-snippet":"max-snippet:-1","max-image-preview":"max-image-preview:large","max-video-preview":"max-video-preview:-1"},"canonical":"https:\/\/abrilbike.com\/ca\/producte\/bicicleta-cinelli-gazzeta-della-strada-blue-sea-shimano-alvio-9-speed\/","og_locale":"ca_ES","og_type":"article","og_title":"BICICLETA CINELLI GAZZETA DELLA STRADA BLUE SEA SHIMANO ALVIO 9 SPEED - Bicicletes abrilbike Barcelona","og_description":"BICICLETA CINELLI Gazzeta della Strada, muntada amb quadre d'acer Columbus cromos, forqueta d'acer Cr-Mo i cassette Shimano 9V","og_url":"https:\/\/abrilbike.com\/ca\/producte\/bicicleta-cinelli-gazzeta-della-strada-blue-sea-shimano-alvio-9-speed\/","og_site_name":"Bicicletes abrilbike","article_publisher":"https:\/\/www.facebook.com\/abrilbike\/","article_modified_time":"2025-07-12T05:18:01+00:00","og_image":[{"width":458,"height":458,"url":"https:\/\/abrilbike.com\/web21\/wp-content\/uploads\/2023\/11\/Bicicleta-Cinelli-gazzetta-della-strada.jpeg","type":"image\/jpeg"}],"twitter_card":"summary_large_image","twitter_site":"@abrilbike","twitter_misc":{"Temps estimat de lectura":"1 minut"},"schema":{"@context":"https:\/\/schema.org","@graph":[{"@type":"WebPage","@id":"https:\/\/abrilbike.com\/ca\/producte\/bicicleta-cinelli-gazzeta-della-strada-blue-sea-shimano-alvio-9-speed\/","url":"https:\/\/abrilbike.com\/ca\/producte\/bicicleta-cinelli-gazzeta-della-strada-blue-sea-shimano-alvio-9-speed\/","name":"BICICLETA CINELLI GAZZETA DELLA STRADA BLUE SEA SHIMANO ALVIO 9 SPEED - Bicicletes abrilbike Barcelona","isPartOf":{"@id":"https:\/\/abrilbike.com\/ca\/#website"},"primaryImageOfPage":{"@id":"https:\/\/abrilbike.com\/ca\/producte\/bicicleta-cinelli-gazzeta-della-strada-blue-sea-shimano-alvio-9-speed\/#primaryimage"},"image":{"@id":"https:\/\/abrilbike.com\/ca\/producte\/bicicleta-cinelli-gazzeta-della-strada-blue-sea-shimano-alvio-9-speed\/#primaryimage"},"thumbnailUrl":"https:\/\/abrilbike.com\/web21\/wp-content\/uploads\/2023\/11\/Bicicleta-Cinelli-gazzetta-della-strada.jpeg","datePublished":"2023-11-06T14:02:10+00:00","dateModified":"2025-07-12T05:18:01+00:00","description":"BICICLETA CINELLI Gazzeta della Strada, muntada amb quadre d'acer Columbus cromos, forqueta d'acer Cr-Mo i cassette Shimano 9V","breadcrumb":{"@id":"https:\/\/abrilbike.com\/ca\/producte\/bicicleta-cinelli-gazzeta-della-strada-blue-sea-shimano-alvio-9-speed\/#breadcrumb"},"inLanguage":"ca","potentialAction":[{"@type":"ReadAction","target":["https:\/\/abrilbike.com\/ca\/producte\/bicicleta-cinelli-gazzeta-della-strada-blue-sea-shimano-alvio-9-speed\/"]}]},{"@type":"ImageObject","inLanguage":"ca","@id":"https:\/\/abrilbike.com\/ca\/producte\/bicicleta-cinelli-gazzeta-della-strada-blue-sea-shimano-alvio-9-speed\/#primaryimage","url":"https:\/\/abrilbike.com\/web21\/wp-content\/uploads\/2023\/11\/Bicicleta-Cinelli-gazzetta-della-strada.jpeg","contentUrl":"https:\/\/abrilbike.com\/web21\/wp-content\/uploads\/2023\/11\/Bicicleta-Cinelli-gazzetta-della-strada.jpeg","width":458,"height":458},{"@type":"BreadcrumbList","@id":"https:\/\/abrilbike.com\/ca\/producte\/bicicleta-cinelli-gazzeta-della-strada-blue-sea-shimano-alvio-9-speed\/#breadcrumb","itemListElement":[{"@type":"ListItem","position":1,"name":"Portada","item":"https:\/\/abrilbike.com\/ca\/"},{"@type":"ListItem","position":2,"name":"Botiga","item":"https:\/\/abrilbike.com\/ca\/botiga\/"},{"@type":"ListItem","position":3,"name":"BICICLETA CINELLI GAZZETA DELLA STRADA BLUE SEA SHIMANO ALVIO 9 SPEED"}]},{"@type":"WebSite","@id":"https:\/\/abrilbike.com\/ca\/#website","url":"https:\/\/abrilbike.com\/ca\/","name":"Bicicletas abrilbike","description":"Botiga, taller, bike rental i restauradors de bicicletes a Barcelona","publisher":{"@id":"https:\/\/abrilbike.com\/ca\/#organization"},"alternateName":"Bicis abrilbike Barcelona","potentialAction":[{"@type":"SearchAction","target":{"@type":"EntryPoint","urlTemplate":"https:\/\/abrilbike.com\/ca\/?s={search_term_string}"},"query-input":{"@type":"PropertyValueSpecification","valueRequired":true,"valueName":"search_term_string"}}],"inLanguage":"ca"},{"@type":"Organization","@id":"https:\/\/abrilbike.com\/ca\/#organization","name":"Bicicletes abrilbike","alternateName":"Bici Abrilbike Barcelona","url":"https:\/\/abrilbike.com\/ca\/","logo":{"@type":"ImageObject","inLanguage":"ca","@id":"https:\/\/abrilbike.com\/ca\/#\/schema\/logo\/image\/","url":"https:\/\/abrilbike.com\/web21\/wp-content\/uploads\/2021\/08\/Abrilbike_Logo_In_sobreBlanco-1.png","contentUrl":"https:\/\/abrilbike.com\/web21\/wp-content\/uploads\/2021\/08\/Abrilbike_Logo_In_sobreBlanco-1.png","width":78,"height":73,"caption":"Bicicletes abrilbike"},"image":{"@id":"https:\/\/abrilbike.com\/ca\/#\/schema\/logo\/image\/"},"sameAs":["https:\/\/www.facebook.com\/abrilbike\/","https:\/\/x.com\/abrilbike","https:\/\/www.instagram.com\/abrilbike\/?hl=es"]}]}},"_links":{"self":[{"href":"https:\/\/abrilbike.com\/ca\/wp-json\/wp\/v2\/product\/14795","targetHints":{"allow":["GET"]}}],"collection":[{"href":"https:\/\/abrilbike.com\/ca\/wp-json\/wp\/v2\/product"}],"about":[{"href":"https:\/\/abrilbike.com\/ca\/wp-json\/wp\/v2\/types\/product"}],"wp:featuredmedia":[{"embeddable":true,"href":"https:\/\/abrilbike.com\/ca\/wp-json\/wp\/v2\/media\/14549"}],"wp:attachment":[{"href":"https:\/\/abrilbike.com\/ca\/wp-json\/wp\/v2\/media?parent=14795"}],"wp:term":[{"taxonomy":"product_brand","embeddable":true,"href":"https:\/\/abrilbike.com\/ca\/wp-json\/wp\/v2\/product_brand?post=14795"},{"taxonomy":"product_cat","embeddable":true,"href":"https:\/\/abrilbike.com\/ca\/wp-json\/wp\/v2\/product_cat?post=14795"},{"taxonomy":"product_tag","embeddable":true,"href":"https:\/\/abrilbike.com\/ca\/wp-json\/wp\/v2\/product_tag?post=14795"}],"curies":[{"name":"wp","href":"https:\/\/api.w.org\/{rel}","templated":true}]}}