{"id":14804,"date":"2021-09-05T23:37:52","date_gmt":"2021-09-05T21:37:52","guid":{"rendered":"https:\/\/abrilbike.com\/producto\/bicicleta-cinelli-zydeco-2\/"},"modified":"2026-02-12T09:11:56","modified_gmt":"2026-02-12T07:11:56","slug":"bicicleta-cinelli-zydeco-2","status":"publish","type":"product","link":"https:\/\/abrilbike.com\/ca\/producte\/bicicleta-cinelli-zydeco-2\/","title":{"rendered":"BICICLETA CINELLI ZYDECO"},"content":{"rendered":"<p>El sistema de frenada hidr\u00e0ulica s\u2019uneix al grup Shimano GRX espec\u00edfic per a gravel, presentant una major fiabilitat en l\u2019efici\u00e8ncia de canvi gr\u00e0cies al seu sistema d\u2019estabilitzaci\u00f3 de cadena Shadow RD+. Seient New San Marco Era amb colors <strong>Zydeco<\/strong> a joc. Quadre <strong>Columbus<\/strong> Zonal d\u2019alumini triple conificat. Forquilla Columbus Futura Gravel 1-1\/8\u201d \u2013 1-1\/4\u201d c\u00f2nica de carboni monocoque. Llandes Shining 700C. Espai per a cobertes 700C fins a 40mm. Cobertes WTB Riddler \/ 700\u00d737c. Bujes Shimano. Frontises Shimano GRX 600 \/ 46-30T. Cadena KMC X10. Canvis Shimano GRX 400 de 10 velocitats \/ caixa Llarga. Pedals no inclosos. Frens hidr\u00e0ulics Shimano GRX 400 \/ rotor disc 160mm. Pot\u00e8ncia Cinelli 6061. Manillar Cinelli FLARE 6061 \/ \u00d8 31,8 \/ Drop 120mm Reach 70mm \/ Flare Angle 12\u00b0. Tija Cinelli 6061 \/ \u00d831,6 \/ L350. Pes 10,3 kg (talla M).                <\/p>\n","protected":false},"excerpt":{"rendered":"<p>Color: full color<\/p>\n<p>La Cinelli Zydeco \u00e9s la uni\u00f3 perfecta entre una bicicleta de carretera, turisme i gravel.<\/p>\n<p>Si desitges m\u00e9s informaci\u00f3 d&#8217;aquest model de bicicleta, clica a CONSULTAR i emplena el seg\u00fcent formulari amb les teves dades. Et respondrem el m\u00e9s aviat possible. <\/p>\n<p><button class=\"popmake-10872 pum-trigger\" style=\"cursor: pointer; background-color: #af002e; color: #fff !important; white-space: nowrap; padding: 0.618em 1em; font-weight: bold; border-radius: 3px; border-color: #af002e; border-width: 4px; display: inline-block; box-shadow: none;\"><img decoding=\"async\" src=\"https:\/\/abrilbike.com\/web21\/wp-content\/uploads\/2023\/08\/imatge-mail-sobre.png\" width=\"17px\" height=\"13px\"> CONSULTAR<\/button><\/p>\n<p>&nbsp;<\/p>\n","protected":false},"featured_media":14350,"template":"","meta":{"_et_pb_use_builder":"on","_et_pb_old_content":"El sistema de frenada hidr\u00e0ulica s\u2019uneix al grup Shimano GRX espec\u00edfic per a gravel, presentant una major fiabilitat en l\u2019efici\u00e8ncia de canvi gr\u00e0cies al seu sistema d\u2019estabilitzaci\u00f3 de cadena Shadow RD+. Seient New San Marco Era amb colors <strong>Zydeco<\/strong> a joc. Quadre <strong>Columbus<\/strong> Zonal d\u2019alumini triple conificat. Forquilla Columbus Futura Gravel 1-1\/8\u201d \u2013 1-1\/4\u201d c\u00f2nica de carboni monocoque. Llandes Shining 700C. Espai per a cobertes 700C fins a 40mm. Cobertes WTB Riddler \/ 700\u00d737c. Bujes Shimano. Frontises Shimano GRX 600 \/ 46-30T. Cadena KMC X10. Canvis Shimano GRX 400 de 10 velocitats \/ caixa Llarga. Pedals no inclosos. Frens hidr\u00e0ulics Shimano GRX 400 \/ rotor disc 160mm. Pot\u00e8ncia Cinelli 6061. Manillar Cinelli FLARE 6061 \/ \u00d8 31,8 \/ Drop 120mm Reach 70mm \/ Flare Angle 12\u00b0. Tija Cinelli 6061 \/ \u00d831,6 \/ L350. Pes 10,3 kg (talla M).                ","_et_gb_content_width":"","_joinchat":[]},"product_brand":[517],"product_cat":[291],"product_tag":[294,298,300,306,318,346],"class_list":{"0":"post-14804","1":"product","2":"type-product","3":"status-publish","4":"has-post-thumbnail","6":"product_brand-cinelli-ca","7":"product_cat-bicicletes-cinelli","8":"product_tag-adult","9":"product_tag-bici-ca","10":"product_tag-bicicleta-ca","11":"product_tag-cinelli-ca","12":"product_tag-gravel-ca","13":"product_tag-zydeco-ca","15":"first","16":"instock","17":"sale","18":"sold-individually","19":"taxable","20":"shipping-taxable","21":"purchasable","22":"product-type-simple"},"yoast_head":"<!-- This site is optimized with the Yoast SEO plugin v27.5 - https:\/\/yoast.com\/product\/yoast-seo-wordpress\/ -->\n<title>BICICLETA CINELLI ZYDECO GRAVEL - Bicicletes abrilbike Barcelona<\/title>\n<meta name=\"description\" content=\"Bicicleta gravel Zydeco Lala de la marca italiana *Cinelli, amb quadre Columbus de disseny. De venda en abrilbike. Distribu\u00efdor Oficial Cinelli a Barcelona\" \/>\n<meta name=\"robots\" content=\"index, follow, max-snippet:-1, max-image-preview:large, max-video-preview:-1\" \/>\n<link rel=\"canonical\" href=\"https:\/\/abrilbike.com\/ca\/producte\/bicicleta-cinelli-zydeco-2\/\" \/>\n<meta property=\"og:locale\" content=\"ca_ES\" \/>\n<meta property=\"og:type\" content=\"article\" \/>\n<meta property=\"og:title\" content=\"BICICLETA CINELLI ZYDECO GRAVEL - Bicicletes abrilbike Barcelona\" \/>\n<meta property=\"og:description\" content=\"Bicicleta gravel Zydeco Lala de la marca italiana *Cinelli, amb quadre Columbus de disseny. De venda en abrilbike. Distribu\u00efdor Oficial Cinelli a Barcelona\" \/>\n<meta property=\"og:url\" content=\"https:\/\/abrilbike.com\/ca\/producte\/bicicleta-cinelli-zydeco-2\/\" \/>\n<meta property=\"og:site_name\" content=\"Bicicletes abrilbike\" \/>\n<meta property=\"article:publisher\" content=\"https:\/\/www.facebook.com\/abrilbike\/\" \/>\n<meta property=\"article:modified_time\" content=\"2026-02-12T07:11:56+00:00\" \/>\n<meta property=\"og:image\" content=\"https:\/\/abrilbike.com\/web21\/wp-content\/uploads\/2021\/09\/Bicicleta-Cinelli-zydeco.jpeg\" \/>\n\t<meta property=\"og:image:width\" content=\"800\" \/>\n\t<meta property=\"og:image:height\" content=\"800\" \/>\n\t<meta property=\"og:image:type\" content=\"image\/jpeg\" \/>\n<meta name=\"twitter:card\" content=\"summary_large_image\" \/>\n<meta name=\"twitter:site\" content=\"@abrilbike\" \/>\n<meta name=\"twitter:label1\" content=\"Temps estimat de lectura\" \/>\n\t<meta name=\"twitter:data1\" content=\"1 minut\" \/>\n<script type=\"application\/ld+json\" class=\"yoast-schema-graph\">{\"@context\":\"https:\\\/\\\/schema.org\",\"@graph\":[{\"@type\":\"WebPage\",\"@id\":\"https:\\\/\\\/abrilbike.com\\\/ca\\\/producte\\\/bicicleta-cinelli-zydeco-2\\\/\",\"url\":\"https:\\\/\\\/abrilbike.com\\\/ca\\\/producte\\\/bicicleta-cinelli-zydeco-2\\\/\",\"name\":\"BICICLETA CINELLI ZYDECO GRAVEL - Bicicletes abrilbike Barcelona\",\"isPartOf\":{\"@id\":\"https:\\\/\\\/abrilbike.com\\\/ca\\\/#website\"},\"primaryImageOfPage\":{\"@id\":\"https:\\\/\\\/abrilbike.com\\\/ca\\\/producte\\\/bicicleta-cinelli-zydeco-2\\\/#primaryimage\"},\"image\":{\"@id\":\"https:\\\/\\\/abrilbike.com\\\/ca\\\/producte\\\/bicicleta-cinelli-zydeco-2\\\/#primaryimage\"},\"thumbnailUrl\":\"https:\\\/\\\/abrilbike.com\\\/web21\\\/wp-content\\\/uploads\\\/2021\\\/09\\\/Bicicleta-Cinelli-zydeco.jpeg\",\"datePublished\":\"2021-09-05T21:37:52+00:00\",\"dateModified\":\"2026-02-12T07:11:56+00:00\",\"description\":\"Bicicleta gravel Zydeco Lala de la marca italiana *Cinelli, amb quadre Columbus de disseny. De venda en abrilbike. Distribu\u00efdor Oficial Cinelli a Barcelona\",\"breadcrumb\":{\"@id\":\"https:\\\/\\\/abrilbike.com\\\/ca\\\/producte\\\/bicicleta-cinelli-zydeco-2\\\/#breadcrumb\"},\"inLanguage\":\"ca\",\"potentialAction\":[{\"@type\":\"ReadAction\",\"target\":[\"https:\\\/\\\/abrilbike.com\\\/ca\\\/producte\\\/bicicleta-cinelli-zydeco-2\\\/\"]}]},{\"@type\":\"ImageObject\",\"inLanguage\":\"ca\",\"@id\":\"https:\\\/\\\/abrilbike.com\\\/ca\\\/producte\\\/bicicleta-cinelli-zydeco-2\\\/#primaryimage\",\"url\":\"https:\\\/\\\/abrilbike.com\\\/web21\\\/wp-content\\\/uploads\\\/2021\\\/09\\\/Bicicleta-Cinelli-zydeco.jpeg\",\"contentUrl\":\"https:\\\/\\\/abrilbike.com\\\/web21\\\/wp-content\\\/uploads\\\/2021\\\/09\\\/Bicicleta-Cinelli-zydeco.jpeg\",\"width\":800,\"height\":800,\"caption\":\"Bicicleta Cinelli zydeco gravel abrilbike\"},{\"@type\":\"BreadcrumbList\",\"@id\":\"https:\\\/\\\/abrilbike.com\\\/ca\\\/producte\\\/bicicleta-cinelli-zydeco-2\\\/#breadcrumb\",\"itemListElement\":[{\"@type\":\"ListItem\",\"position\":1,\"name\":\"Portada\",\"item\":\"https:\\\/\\\/abrilbike.com\\\/ca\\\/\"},{\"@type\":\"ListItem\",\"position\":2,\"name\":\"Botiga\",\"item\":\"https:\\\/\\\/abrilbike.com\\\/ca\\\/botiga\\\/\"},{\"@type\":\"ListItem\",\"position\":3,\"name\":\"BICICLETA CINELLI ZYDECO\"}]},{\"@type\":\"WebSite\",\"@id\":\"https:\\\/\\\/abrilbike.com\\\/ca\\\/#website\",\"url\":\"https:\\\/\\\/abrilbike.com\\\/ca\\\/\",\"name\":\"Bicicletas abrilbike\",\"description\":\"Botiga, taller, bike rental i restauradors de bicicletes a Barcelona\",\"publisher\":{\"@id\":\"https:\\\/\\\/abrilbike.com\\\/ca\\\/#organization\"},\"alternateName\":\"Bicis abrilbike Barcelona\",\"potentialAction\":[{\"@type\":\"SearchAction\",\"target\":{\"@type\":\"EntryPoint\",\"urlTemplate\":\"https:\\\/\\\/abrilbike.com\\\/ca\\\/?s={search_term_string}\"},\"query-input\":{\"@type\":\"PropertyValueSpecification\",\"valueRequired\":true,\"valueName\":\"search_term_string\"}}],\"inLanguage\":\"ca\"},{\"@type\":\"Organization\",\"@id\":\"https:\\\/\\\/abrilbike.com\\\/ca\\\/#organization\",\"name\":\"Bicicletes abrilbike\",\"alternateName\":\"Bici Abrilbike Barcelona\",\"url\":\"https:\\\/\\\/abrilbike.com\\\/ca\\\/\",\"logo\":{\"@type\":\"ImageObject\",\"inLanguage\":\"ca\",\"@id\":\"https:\\\/\\\/abrilbike.com\\\/ca\\\/#\\\/schema\\\/logo\\\/image\\\/\",\"url\":\"https:\\\/\\\/abrilbike.com\\\/web21\\\/wp-content\\\/uploads\\\/2021\\\/08\\\/Abrilbike_Logo_In_sobreBlanco-1.png\",\"contentUrl\":\"https:\\\/\\\/abrilbike.com\\\/web21\\\/wp-content\\\/uploads\\\/2021\\\/08\\\/Abrilbike_Logo_In_sobreBlanco-1.png\",\"width\":78,\"height\":73,\"caption\":\"Bicicletes abrilbike\"},\"image\":{\"@id\":\"https:\\\/\\\/abrilbike.com\\\/ca\\\/#\\\/schema\\\/logo\\\/image\\\/\"},\"sameAs\":[\"https:\\\/\\\/www.facebook.com\\\/abrilbike\\\/\",\"https:\\\/\\\/x.com\\\/abrilbike\",\"https:\\\/\\\/www.instagram.com\\\/abrilbike\\\/?hl=es\"]}]}<\/script>\n<!-- \/ Yoast SEO plugin. -->","yoast_head_json":{"title":"BICICLETA CINELLI ZYDECO GRAVEL - Bicicletes abrilbike Barcelona","description":"Bicicleta gravel Zydeco Lala de la marca italiana *Cinelli, amb quadre Columbus de disseny. De venda en abrilbike. Distribu\u00efdor Oficial Cinelli a Barcelona","robots":{"index":"index","follow":"follow","max-snippet":"max-snippet:-1","max-image-preview":"max-image-preview:large","max-video-preview":"max-video-preview:-1"},"canonical":"https:\/\/abrilbike.com\/ca\/producte\/bicicleta-cinelli-zydeco-2\/","og_locale":"ca_ES","og_type":"article","og_title":"BICICLETA CINELLI ZYDECO GRAVEL - Bicicletes abrilbike Barcelona","og_description":"Bicicleta gravel Zydeco Lala de la marca italiana *Cinelli, amb quadre Columbus de disseny. De venda en abrilbike. Distribu\u00efdor Oficial Cinelli a Barcelona","og_url":"https:\/\/abrilbike.com\/ca\/producte\/bicicleta-cinelli-zydeco-2\/","og_site_name":"Bicicletes abrilbike","article_publisher":"https:\/\/www.facebook.com\/abrilbike\/","article_modified_time":"2026-02-12T07:11:56+00:00","og_image":[{"width":800,"height":800,"url":"https:\/\/abrilbike.com\/web21\/wp-content\/uploads\/2021\/09\/Bicicleta-Cinelli-zydeco.jpeg","type":"image\/jpeg"}],"twitter_card":"summary_large_image","twitter_site":"@abrilbike","twitter_misc":{"Temps estimat de lectura":"1 minut"},"schema":{"@context":"https:\/\/schema.org","@graph":[{"@type":"WebPage","@id":"https:\/\/abrilbike.com\/ca\/producte\/bicicleta-cinelli-zydeco-2\/","url":"https:\/\/abrilbike.com\/ca\/producte\/bicicleta-cinelli-zydeco-2\/","name":"BICICLETA CINELLI ZYDECO GRAVEL - Bicicletes abrilbike Barcelona","isPartOf":{"@id":"https:\/\/abrilbike.com\/ca\/#website"},"primaryImageOfPage":{"@id":"https:\/\/abrilbike.com\/ca\/producte\/bicicleta-cinelli-zydeco-2\/#primaryimage"},"image":{"@id":"https:\/\/abrilbike.com\/ca\/producte\/bicicleta-cinelli-zydeco-2\/#primaryimage"},"thumbnailUrl":"https:\/\/abrilbike.com\/web21\/wp-content\/uploads\/2021\/09\/Bicicleta-Cinelli-zydeco.jpeg","datePublished":"2021-09-05T21:37:52+00:00","dateModified":"2026-02-12T07:11:56+00:00","description":"Bicicleta gravel Zydeco Lala de la marca italiana *Cinelli, amb quadre Columbus de disseny. De venda en abrilbike. Distribu\u00efdor Oficial Cinelli a Barcelona","breadcrumb":{"@id":"https:\/\/abrilbike.com\/ca\/producte\/bicicleta-cinelli-zydeco-2\/#breadcrumb"},"inLanguage":"ca","potentialAction":[{"@type":"ReadAction","target":["https:\/\/abrilbike.com\/ca\/producte\/bicicleta-cinelli-zydeco-2\/"]}]},{"@type":"ImageObject","inLanguage":"ca","@id":"https:\/\/abrilbike.com\/ca\/producte\/bicicleta-cinelli-zydeco-2\/#primaryimage","url":"https:\/\/abrilbike.com\/web21\/wp-content\/uploads\/2021\/09\/Bicicleta-Cinelli-zydeco.jpeg","contentUrl":"https:\/\/abrilbike.com\/web21\/wp-content\/uploads\/2021\/09\/Bicicleta-Cinelli-zydeco.jpeg","width":800,"height":800,"caption":"Bicicleta Cinelli zydeco gravel abrilbike"},{"@type":"BreadcrumbList","@id":"https:\/\/abrilbike.com\/ca\/producte\/bicicleta-cinelli-zydeco-2\/#breadcrumb","itemListElement":[{"@type":"ListItem","position":1,"name":"Portada","item":"https:\/\/abrilbike.com\/ca\/"},{"@type":"ListItem","position":2,"name":"Botiga","item":"https:\/\/abrilbike.com\/ca\/botiga\/"},{"@type":"ListItem","position":3,"name":"BICICLETA CINELLI ZYDECO"}]},{"@type":"WebSite","@id":"https:\/\/abrilbike.com\/ca\/#website","url":"https:\/\/abrilbike.com\/ca\/","name":"Bicicletas abrilbike","description":"Botiga, taller, bike rental i restauradors de bicicletes a Barcelona","publisher":{"@id":"https:\/\/abrilbike.com\/ca\/#organization"},"alternateName":"Bicis abrilbike Barcelona","potentialAction":[{"@type":"SearchAction","target":{"@type":"EntryPoint","urlTemplate":"https:\/\/abrilbike.com\/ca\/?s={search_term_string}"},"query-input":{"@type":"PropertyValueSpecification","valueRequired":true,"valueName":"search_term_string"}}],"inLanguage":"ca"},{"@type":"Organization","@id":"https:\/\/abrilbike.com\/ca\/#organization","name":"Bicicletes abrilbike","alternateName":"Bici Abrilbike Barcelona","url":"https:\/\/abrilbike.com\/ca\/","logo":{"@type":"ImageObject","inLanguage":"ca","@id":"https:\/\/abrilbike.com\/ca\/#\/schema\/logo\/image\/","url":"https:\/\/abrilbike.com\/web21\/wp-content\/uploads\/2021\/08\/Abrilbike_Logo_In_sobreBlanco-1.png","contentUrl":"https:\/\/abrilbike.com\/web21\/wp-content\/uploads\/2021\/08\/Abrilbike_Logo_In_sobreBlanco-1.png","width":78,"height":73,"caption":"Bicicletes abrilbike"},"image":{"@id":"https:\/\/abrilbike.com\/ca\/#\/schema\/logo\/image\/"},"sameAs":["https:\/\/www.facebook.com\/abrilbike\/","https:\/\/x.com\/abrilbike","https:\/\/www.instagram.com\/abrilbike\/?hl=es"]}]}},"_links":{"self":[{"href":"https:\/\/abrilbike.com\/ca\/wp-json\/wp\/v2\/product\/14804","targetHints":{"allow":["GET"]}}],"collection":[{"href":"https:\/\/abrilbike.com\/ca\/wp-json\/wp\/v2\/product"}],"about":[{"href":"https:\/\/abrilbike.com\/ca\/wp-json\/wp\/v2\/types\/product"}],"wp:featuredmedia":[{"embeddable":true,"href":"https:\/\/abrilbike.com\/ca\/wp-json\/wp\/v2\/media\/14350"}],"wp:attachment":[{"href":"https:\/\/abrilbike.com\/ca\/wp-json\/wp\/v2\/media?parent=14804"}],"wp:term":[{"taxonomy":"product_brand","embeddable":true,"href":"https:\/\/abrilbike.com\/ca\/wp-json\/wp\/v2\/product_brand?post=14804"},{"taxonomy":"product_cat","embeddable":true,"href":"https:\/\/abrilbike.com\/ca\/wp-json\/wp\/v2\/product_cat?post=14804"},{"taxonomy":"product_tag","embeddable":true,"href":"https:\/\/abrilbike.com\/ca\/wp-json\/wp\/v2\/product_tag?post=14804"}],"curies":[{"name":"wp","href":"https:\/\/api.w.org\/{rel}","templated":true}]}}