{"id":14819,"date":"2024-03-12T14:15:36","date_gmt":"2024-03-12T12:15:36","guid":{"rendered":"https:\/\/abrilbike.com\/producto\/bicicleta-cinelli-nemo-tig-gravel-2\/"},"modified":"2025-07-12T08:51:52","modified_gmt":"2025-07-12T06:51:52","slug":"bicicleta-cinelli-nemo-tig-gravel-2","status":"publish","type":"product","link":"https:\/\/abrilbike.com\/ca\/producte\/bicicleta-cinelli-nemo-tig-gravel-2\/","title":{"rendered":"BICICLETA CINELLI NEMO TIG GRAVEL"},"content":{"rendered":"<p><strong>FRAME SPECS<\/strong><\/p>\n<ul>\n<li>SIZES: XS (48) \u2013 S (51) \u2013 M (54) \u2013 L (56) \u2013 XL (59) \u2013 XXL (61) \/ Made to Measure<\/li>\n<li>MATERIAL: Columbus Spirit HSS Tubeset<\/li>\n<li>HEADSET: IS 42\/28,6 | IS 52\/40<\/li>\n<li>SEATPOST: \u00d8 27,2 mm<\/li>\n<li>SEAT CLAMP: CNC Machine \u00f8 29,8<\/li>\n<li>BB SHELL: T47 68 mm<\/li>\n<li>FT. DERAILLEUR: Clamp \u00d8 28,6mm <\/li>\n<li>ROUTING: External \/ Internal Hydraulic Disc Brake Housing<\/li>\n<li>COLOR: Brown (+3 Custom colors and +33 Colors matt or glossy)<\/li>\n<li>TYRE CLEAR.: up to 700&#215;47 mm<\/li>\n<li>FORK: Hiride Sterra Fork Columbus Disc 1-1\/8\u201d \u2013 1-1\/2\u201d Carbon Monoc.<\/li>\n<li>WEIGHT: Frame 2000 g. (size M) Columbus Fork 480 g. (uncut) \/ Sterra 1300g   <\/li>\n<li>BRAKE: Flat Mount Disc Brake, rotor size up to 160mm (rear) \u2013 180mm (front)<\/li>\n<li>DROPOUTS ST: Rear TA \u00d8 12x142mm \u2013 M12x173 \/ Front TA \u00d8 12x100mm \u2013 M12x119<\/li>\n<li>HIGHLIGHTS: Frame \/ Fork \/ Ft. Derailleur Clamp \/ Ft. &amp; Re. Skewers \/ Headset  <\/li>\n<\/ul>\n<p><strong>GEOMETRY<\/strong><\/p>\n<p><img decoding=\"async\" src=\"https:\/\/www.cinelli-milano.com\/cdn\/shop\/files\/geometria__0010_nemogravel.jpg?v=1695206735\"><\/p>\n","protected":false},"excerpt":{"rendered":"<p>Color: a escollir<\/p>\n<p>FABRICACI\u00d3 SOTA COMANDA (preu a partir de 4.500\u20ac en funci\u00f3 de la seva configuraci\u00f3)<\/p>\n<p id=\"tw-target-text\" class=\"tw-data-text tw-text-large tw-ta\" dir=\"ltr\" data-placeholder=\"Traducci\u00f3n\" data-ved=\"2ahUKEwjC6P6f5-6EAxV8QPEDHcEjCW4Q3ewLegQIDRAU\"><span class=\"Y2IQFc\" lang=\"es\">Radicalment renovada el 2024, la Nemo Gravel \u00e9s la bicicleta de gravel d\u2019aventures extremadament h\u00edbrida fins ara, totalment feta a m\u00e0 pel constructor de quadres intern de Cinelli a la seva seu de Mil\u00e0 utilitzant un tub de triple conificat personalitzat dissenyat per la seva empresa germana Columbus. Perfeccionada cont\u00ednuament, durant un any de proves, per ciclistes que inclouen excampions mundials de la UCI, corredors llegenda de Nova York, practicants professionals de snowboard i molts altres atletes que lluiten per redefinir els l\u00edmits del que pot ser el ciclisme gravel. Es caracteritza sobretot pel seu disseny completament redissenyat, geometria, espai lliure per a pneum\u00e0tics de 700 x 47 mm i l\u2019\u00fas de la forquilla HiRide Sterra amb 20 mm de recorregut hidr\u00e0ulic real. Totes aquestes caracter\u00edstiques treballen conjuntament per crear una bicicleta preparada per afrontar les competicions i aventures de gravel m\u00e9s extremes del m\u00f3n.   <\/span><\/p>\n<p>Si desitges m\u00e9s informaci\u00f3 d&#8217;aquest model de bicicleta, clica a CONSULTAR i emplena el seg\u00fcent formulari amb les teves dades. Et respondrem el m\u00e9s aviat possible. <\/p>\n<p><button class=\"popmake-10872 pum-trigger\" style=\"cursor: pointer; background-color: #af002e; color: #fff !important; white-space: nowrap; padding: 0.618em 1em; font-weight: bold; border-radius: 3px; border-color: #af002e; border-width: 4px; display: inline-block; box-shadow: none;\"><img decoding=\"async\" src=\"https:\/\/abrilbike.com\/web21\/wp-content\/uploads\/2023\/08\/imatge-mail-sobre.png\" width=\"17px\" height=\"13px\"> CONSULTAR<\/button><\/p>\n<p>&nbsp;<\/p>\n","protected":false},"featured_media":14594,"template":"","meta":{"_et_pb_use_builder":"off","_et_pb_old_content":"<span class=\"TextRun SCXW73399863 BCX4\" lang=\"ES-ES\" data-contrast=\"auto\" xml:lang=\"ES-ES\"><span class=\"NormalTextRun SCXW73399863 BCX4\">Bicicleta <strong>Cinelli Veltrix<\/strong> <strong>Disc<\/strong> de quadre Columbus<\/span> <span class=\"NormalTextRun SpellingErrorV2 SCXW73399863 BCX4\">Carbon<\/span> <span class=\"NormalTextRun SpellingErrorV2 SCXW73399863 BCX4\">Monocoque<\/span><span class=\"NormalTextRun SCXW73399863 BCX4\">. Forquilla Columbus <\/span><span class=\"NormalTextRun SCXW73399863 BCX4\">Disc que permet un pas de rueda de fins<\/span><span class=\"NormalTextRun SCXW73399863 BCX4\"> 700x28c<\/span><span class=\"NormalTextRun SCXW73399863 BCX4\">. Llandes S<\/span><span class=\"NormalTextRun SCXW73399863 BCX4\">himano RS-170 center <\/span><span class=\"NormalTextRun SpellingErrorV2 SCXW73399863 BCX4\">lock<\/span><span class=\"NormalTextRun SCXW73399863 BCX4\">. Cobertes <\/span><span class=\"NormalTextRun SpellingErrorV2 SCXW73399863 BCX4\">Vittoria<\/span> <span class=\"NormalTextRun SpellingErrorV2 SCXW73399863 BCX4\">Zaffiro<\/span> <span class=\"NormalTextRun SpellingErrorV2 SCXW73399863 BCX4\">fold<\/span><span class=\"NormalTextRun SCXW73399863 BCX4\"> 700x25c.<\/span><span class=\"NormalTextRun SCXW73399863 BCX4\"> Bieles Shimano R<\/span><span class=\"NormalTextRun SCXW73399863 BCX4\">S 11 <\/span><span class=\"NormalTextRun SpellingErrorV2 SCXW73399863 BCX4\">speed<\/span><span class=\"NormalTextRun SCXW73399863 BCX4\"> 52-36T<\/span><span class=\"NormalTextRun SCXW73399863 BCX4\">.<\/span><span class=\"NormalTextRun SCXW73399863 BCX4\"> Talla 170 (XS\/S) 172,5 (M\/L) 175 (XL). Cadena KMC (X1 <\/span><span class=\"NormalTextRun SCXW73399863 BCX4\">1<\/span><span class=\"NormalTextRun SCXW73399863 BCX4\">). Canvis Shimano <\/span><span class=\"NormalTextRun SCXW73399863 BCX4\">105<\/span><span class=\"NormalTextRun SCXW73399863 BCX4\">\/ 1<\/span><span class=\"NormalTextRun SCXW73399863 BCX4\">1<\/span><span class=\"NormalTextRun SCXW73399863 BCX4\"> velocitats. Pedals No inclosos. Frens Hidr\u00e0ulics Shimano   <\/span><span class=\"NormalTextRun SCXW73399863 BCX4\">105<\/span><span class=\"NormalTextRun SCXW73399863 BCX4\"> \/ 160mm disc<\/span><span class=\"NormalTextRun SCXW73399863 BCX4\">o traser i 140mm disc davanter<\/span><span class=\"NormalTextRun SCXW73399863 BCX4\">. Pot\u00e8ncia <\/span><span class=\"NormalTextRun SpellingErrorV2 SpellingErrorHighlight SCXW73399863 BCX4\">Cinelli<\/span><span class=\"NormalTextRun SCXW73399863 BCX4\"> 6061.Manillar <\/span><span class=\"NormalTextRun SpellingErrorV2 SCXW73399863 BCX4\">Cinelli<\/span><span class=\"NormalTextRun SCXW73399863 BCX4\"> 6061 \/ \u00d8 31,8. Tija  <\/span><span class=\"NormalTextRun SpellingErrorV2 SCXW73399863 BCX4\">Cinelli<\/span><span class=\"NormalTextRun SCXW73399863 BCX4\"> 6061 \/ \u00d831,6 \/ L350. Pes bicicleta talla M  <\/span><span class=\"NormalTextRun SCXW73399863 BCX4\">9 <\/span><span class=\"NormalTextRun SCXW73399863 BCX4\">kg.<\/span><\/span><span class=\"EOP SCXW73399863 BCX4\" data-ccp-props=\"{\"> <\/span>","_et_gb_content_width":"","_joinchat":[]},"product_brand":[517],"product_cat":[291],"product_tag":[294,298,300,306,318,323,364],"class_list":{"0":"post-14819","1":"product","2":"type-product","3":"status-publish","4":"has-post-thumbnail","6":"product_brand-cinelli-ca","7":"product_cat-bicicletes-cinelli","8":"product_tag-adult","9":"product_tag-bici-ca","10":"product_tag-bicicleta-ca","11":"product_tag-cinelli-ca","12":"product_tag-gravel-ca","13":"product_tag-nemo-ca","14":"product_tag-nemo-tig-gravel-ca","16":"first","17":"instock","18":"sold-individually","19":"taxable","20":"shipping-taxable","21":"purchasable","22":"product-type-simple"},"yoast_head":"<!-- This site is optimized with the Yoast SEO plugin v27.3 - https:\/\/yoast.com\/product\/yoast-seo-wordpress\/ -->\n<title>BICICLETA CINELLI NEMO TIG GRAVEL - Bicicletes abrilbike Barcelona<\/title>\n<meta name=\"description\" content=\"La Cinelli Nemo Tig Gravel amb geometria completament redissenyada per a adaptar-se als terrenys m\u00e9s extrems. 100% feta a It\u00e0lia amb materials italians.\" \/>\n<meta name=\"robots\" content=\"index, follow, max-snippet:-1, max-image-preview:large, max-video-preview:-1\" \/>\n<link rel=\"canonical\" href=\"https:\/\/abrilbike.com\/ca\/producte\/bicicleta-cinelli-nemo-tig-gravel-2\/\" \/>\n<meta property=\"og:locale\" content=\"ca_ES\" \/>\n<meta property=\"og:type\" content=\"article\" \/>\n<meta property=\"og:title\" content=\"BICICLETA CINELLI NEMO TIG GRAVEL - Bicicletes abrilbike Barcelona\" \/>\n<meta property=\"og:description\" content=\"La Cinelli Nemo Tig Gravel amb geometria completament redissenyada per a adaptar-se als terrenys m\u00e9s extrems. 100% feta a It\u00e0lia amb materials italians.\" \/>\n<meta property=\"og:url\" content=\"https:\/\/abrilbike.com\/ca\/producte\/bicicleta-cinelli-nemo-tig-gravel-2\/\" \/>\n<meta property=\"og:site_name\" content=\"Bicicletes abrilbike\" \/>\n<meta property=\"article:publisher\" content=\"https:\/\/www.facebook.com\/abrilbike\/\" \/>\n<meta property=\"article:modified_time\" content=\"2025-07-12T06:51:52+00:00\" \/>\n<meta property=\"og:image\" content=\"https:\/\/abrilbike.com\/web21\/wp-content\/uploads\/2024\/03\/bicicleta-cinelli-nemo-gravel.jpeg\" \/>\n\t<meta property=\"og:image:width\" content=\"458\" \/>\n\t<meta property=\"og:image:height\" content=\"458\" \/>\n\t<meta property=\"og:image:type\" content=\"image\/jpeg\" \/>\n<meta name=\"twitter:card\" content=\"summary_large_image\" \/>\n<meta name=\"twitter:site\" content=\"@abrilbike\" \/>\n<meta name=\"twitter:label1\" content=\"Temps estimat de lectura\" \/>\n\t<meta name=\"twitter:data1\" content=\"1 minut\" \/>\n<script type=\"application\/ld+json\" class=\"yoast-schema-graph\">{\"@context\":\"https:\\\/\\\/schema.org\",\"@graph\":[{\"@type\":\"WebPage\",\"@id\":\"https:\\\/\\\/abrilbike.com\\\/ca\\\/producte\\\/bicicleta-cinelli-nemo-tig-gravel-2\\\/\",\"url\":\"https:\\\/\\\/abrilbike.com\\\/ca\\\/producte\\\/bicicleta-cinelli-nemo-tig-gravel-2\\\/\",\"name\":\"BICICLETA CINELLI NEMO TIG GRAVEL - Bicicletes abrilbike Barcelona\",\"isPartOf\":{\"@id\":\"https:\\\/\\\/abrilbike.com\\\/ca\\\/#website\"},\"primaryImageOfPage\":{\"@id\":\"https:\\\/\\\/abrilbike.com\\\/ca\\\/producte\\\/bicicleta-cinelli-nemo-tig-gravel-2\\\/#primaryimage\"},\"image\":{\"@id\":\"https:\\\/\\\/abrilbike.com\\\/ca\\\/producte\\\/bicicleta-cinelli-nemo-tig-gravel-2\\\/#primaryimage\"},\"thumbnailUrl\":\"https:\\\/\\\/abrilbike.com\\\/web21\\\/wp-content\\\/uploads\\\/2024\\\/03\\\/bicicleta-cinelli-nemo-gravel.jpeg\",\"datePublished\":\"2024-03-12T12:15:36+00:00\",\"dateModified\":\"2025-07-12T06:51:52+00:00\",\"description\":\"La Cinelli Nemo Tig Gravel amb geometria completament redissenyada per a adaptar-se als terrenys m\u00e9s extrems. 100% feta a It\u00e0lia amb materials italians.\",\"breadcrumb\":{\"@id\":\"https:\\\/\\\/abrilbike.com\\\/ca\\\/producte\\\/bicicleta-cinelli-nemo-tig-gravel-2\\\/#breadcrumb\"},\"inLanguage\":\"ca\",\"potentialAction\":[{\"@type\":\"ReadAction\",\"target\":[\"https:\\\/\\\/abrilbike.com\\\/ca\\\/producte\\\/bicicleta-cinelli-nemo-tig-gravel-2\\\/\"]}]},{\"@type\":\"ImageObject\",\"inLanguage\":\"ca\",\"@id\":\"https:\\\/\\\/abrilbike.com\\\/ca\\\/producte\\\/bicicleta-cinelli-nemo-tig-gravel-2\\\/#primaryimage\",\"url\":\"https:\\\/\\\/abrilbike.com\\\/web21\\\/wp-content\\\/uploads\\\/2024\\\/03\\\/bicicleta-cinelli-nemo-gravel.jpeg\",\"contentUrl\":\"https:\\\/\\\/abrilbike.com\\\/web21\\\/wp-content\\\/uploads\\\/2024\\\/03\\\/bicicleta-cinelli-nemo-gravel.jpeg\",\"width\":458,\"height\":458},{\"@type\":\"BreadcrumbList\",\"@id\":\"https:\\\/\\\/abrilbike.com\\\/ca\\\/producte\\\/bicicleta-cinelli-nemo-tig-gravel-2\\\/#breadcrumb\",\"itemListElement\":[{\"@type\":\"ListItem\",\"position\":1,\"name\":\"Portada\",\"item\":\"https:\\\/\\\/abrilbike.com\\\/ca\\\/\"},{\"@type\":\"ListItem\",\"position\":2,\"name\":\"Botiga\",\"item\":\"https:\\\/\\\/abrilbike.com\\\/ca\\\/botiga\\\/\"},{\"@type\":\"ListItem\",\"position\":3,\"name\":\"BICICLETA CINELLI NEMO TIG GRAVEL\"}]},{\"@type\":\"WebSite\",\"@id\":\"https:\\\/\\\/abrilbike.com\\\/ca\\\/#website\",\"url\":\"https:\\\/\\\/abrilbike.com\\\/ca\\\/\",\"name\":\"Bicicletas abrilbike\",\"description\":\"Botiga, taller, bike rental i restauradors de bicicletes a Barcelona\",\"publisher\":{\"@id\":\"https:\\\/\\\/abrilbike.com\\\/ca\\\/#organization\"},\"alternateName\":\"Bicis abrilbike Barcelona\",\"potentialAction\":[{\"@type\":\"SearchAction\",\"target\":{\"@type\":\"EntryPoint\",\"urlTemplate\":\"https:\\\/\\\/abrilbike.com\\\/ca\\\/?s={search_term_string}\"},\"query-input\":{\"@type\":\"PropertyValueSpecification\",\"valueRequired\":true,\"valueName\":\"search_term_string\"}}],\"inLanguage\":\"ca\"},{\"@type\":\"Organization\",\"@id\":\"https:\\\/\\\/abrilbike.com\\\/ca\\\/#organization\",\"name\":\"Bicicletes abrilbike\",\"alternateName\":\"Bici Abrilbike Barcelona\",\"url\":\"https:\\\/\\\/abrilbike.com\\\/ca\\\/\",\"logo\":{\"@type\":\"ImageObject\",\"inLanguage\":\"ca\",\"@id\":\"https:\\\/\\\/abrilbike.com\\\/ca\\\/#\\\/schema\\\/logo\\\/image\\\/\",\"url\":\"https:\\\/\\\/abrilbike.com\\\/web21\\\/wp-content\\\/uploads\\\/2021\\\/08\\\/Abrilbike_Logo_In_sobreBlanco-1.png\",\"contentUrl\":\"https:\\\/\\\/abrilbike.com\\\/web21\\\/wp-content\\\/uploads\\\/2021\\\/08\\\/Abrilbike_Logo_In_sobreBlanco-1.png\",\"width\":78,\"height\":73,\"caption\":\"Bicicletes abrilbike\"},\"image\":{\"@id\":\"https:\\\/\\\/abrilbike.com\\\/ca\\\/#\\\/schema\\\/logo\\\/image\\\/\"},\"sameAs\":[\"https:\\\/\\\/www.facebook.com\\\/abrilbike\\\/\",\"https:\\\/\\\/x.com\\\/abrilbike\",\"https:\\\/\\\/www.instagram.com\\\/abrilbike\\\/?hl=es\"]}]}<\/script>\n<!-- \/ Yoast SEO plugin. -->","yoast_head_json":{"title":"BICICLETA CINELLI NEMO TIG GRAVEL - Bicicletes abrilbike Barcelona","description":"La Cinelli Nemo Tig Gravel amb geometria completament redissenyada per a adaptar-se als terrenys m\u00e9s extrems. 100% feta a It\u00e0lia amb materials italians.","robots":{"index":"index","follow":"follow","max-snippet":"max-snippet:-1","max-image-preview":"max-image-preview:large","max-video-preview":"max-video-preview:-1"},"canonical":"https:\/\/abrilbike.com\/ca\/producte\/bicicleta-cinelli-nemo-tig-gravel-2\/","og_locale":"ca_ES","og_type":"article","og_title":"BICICLETA CINELLI NEMO TIG GRAVEL - Bicicletes abrilbike Barcelona","og_description":"La Cinelli Nemo Tig Gravel amb geometria completament redissenyada per a adaptar-se als terrenys m\u00e9s extrems. 100% feta a It\u00e0lia amb materials italians.","og_url":"https:\/\/abrilbike.com\/ca\/producte\/bicicleta-cinelli-nemo-tig-gravel-2\/","og_site_name":"Bicicletes abrilbike","article_publisher":"https:\/\/www.facebook.com\/abrilbike\/","article_modified_time":"2025-07-12T06:51:52+00:00","og_image":[{"width":458,"height":458,"url":"https:\/\/abrilbike.com\/web21\/wp-content\/uploads\/2024\/03\/bicicleta-cinelli-nemo-gravel.jpeg","type":"image\/jpeg"}],"twitter_card":"summary_large_image","twitter_site":"@abrilbike","twitter_misc":{"Temps estimat de lectura":"1 minut"},"schema":{"@context":"https:\/\/schema.org","@graph":[{"@type":"WebPage","@id":"https:\/\/abrilbike.com\/ca\/producte\/bicicleta-cinelli-nemo-tig-gravel-2\/","url":"https:\/\/abrilbike.com\/ca\/producte\/bicicleta-cinelli-nemo-tig-gravel-2\/","name":"BICICLETA CINELLI NEMO TIG GRAVEL - Bicicletes abrilbike Barcelona","isPartOf":{"@id":"https:\/\/abrilbike.com\/ca\/#website"},"primaryImageOfPage":{"@id":"https:\/\/abrilbike.com\/ca\/producte\/bicicleta-cinelli-nemo-tig-gravel-2\/#primaryimage"},"image":{"@id":"https:\/\/abrilbike.com\/ca\/producte\/bicicleta-cinelli-nemo-tig-gravel-2\/#primaryimage"},"thumbnailUrl":"https:\/\/abrilbike.com\/web21\/wp-content\/uploads\/2024\/03\/bicicleta-cinelli-nemo-gravel.jpeg","datePublished":"2024-03-12T12:15:36+00:00","dateModified":"2025-07-12T06:51:52+00:00","description":"La Cinelli Nemo Tig Gravel amb geometria completament redissenyada per a adaptar-se als terrenys m\u00e9s extrems. 100% feta a It\u00e0lia amb materials italians.","breadcrumb":{"@id":"https:\/\/abrilbike.com\/ca\/producte\/bicicleta-cinelli-nemo-tig-gravel-2\/#breadcrumb"},"inLanguage":"ca","potentialAction":[{"@type":"ReadAction","target":["https:\/\/abrilbike.com\/ca\/producte\/bicicleta-cinelli-nemo-tig-gravel-2\/"]}]},{"@type":"ImageObject","inLanguage":"ca","@id":"https:\/\/abrilbike.com\/ca\/producte\/bicicleta-cinelli-nemo-tig-gravel-2\/#primaryimage","url":"https:\/\/abrilbike.com\/web21\/wp-content\/uploads\/2024\/03\/bicicleta-cinelli-nemo-gravel.jpeg","contentUrl":"https:\/\/abrilbike.com\/web21\/wp-content\/uploads\/2024\/03\/bicicleta-cinelli-nemo-gravel.jpeg","width":458,"height":458},{"@type":"BreadcrumbList","@id":"https:\/\/abrilbike.com\/ca\/producte\/bicicleta-cinelli-nemo-tig-gravel-2\/#breadcrumb","itemListElement":[{"@type":"ListItem","position":1,"name":"Portada","item":"https:\/\/abrilbike.com\/ca\/"},{"@type":"ListItem","position":2,"name":"Botiga","item":"https:\/\/abrilbike.com\/ca\/botiga\/"},{"@type":"ListItem","position":3,"name":"BICICLETA CINELLI NEMO TIG GRAVEL"}]},{"@type":"WebSite","@id":"https:\/\/abrilbike.com\/ca\/#website","url":"https:\/\/abrilbike.com\/ca\/","name":"Bicicletas abrilbike","description":"Botiga, taller, bike rental i restauradors de bicicletes a Barcelona","publisher":{"@id":"https:\/\/abrilbike.com\/ca\/#organization"},"alternateName":"Bicis abrilbike Barcelona","potentialAction":[{"@type":"SearchAction","target":{"@type":"EntryPoint","urlTemplate":"https:\/\/abrilbike.com\/ca\/?s={search_term_string}"},"query-input":{"@type":"PropertyValueSpecification","valueRequired":true,"valueName":"search_term_string"}}],"inLanguage":"ca"},{"@type":"Organization","@id":"https:\/\/abrilbike.com\/ca\/#organization","name":"Bicicletes abrilbike","alternateName":"Bici Abrilbike Barcelona","url":"https:\/\/abrilbike.com\/ca\/","logo":{"@type":"ImageObject","inLanguage":"ca","@id":"https:\/\/abrilbike.com\/ca\/#\/schema\/logo\/image\/","url":"https:\/\/abrilbike.com\/web21\/wp-content\/uploads\/2021\/08\/Abrilbike_Logo_In_sobreBlanco-1.png","contentUrl":"https:\/\/abrilbike.com\/web21\/wp-content\/uploads\/2021\/08\/Abrilbike_Logo_In_sobreBlanco-1.png","width":78,"height":73,"caption":"Bicicletes abrilbike"},"image":{"@id":"https:\/\/abrilbike.com\/ca\/#\/schema\/logo\/image\/"},"sameAs":["https:\/\/www.facebook.com\/abrilbike\/","https:\/\/x.com\/abrilbike","https:\/\/www.instagram.com\/abrilbike\/?hl=es"]}]}},"_links":{"self":[{"href":"https:\/\/abrilbike.com\/ca\/wp-json\/wp\/v2\/product\/14819","targetHints":{"allow":["GET"]}}],"collection":[{"href":"https:\/\/abrilbike.com\/ca\/wp-json\/wp\/v2\/product"}],"about":[{"href":"https:\/\/abrilbike.com\/ca\/wp-json\/wp\/v2\/types\/product"}],"wp:featuredmedia":[{"embeddable":true,"href":"https:\/\/abrilbike.com\/ca\/wp-json\/wp\/v2\/media\/14594"}],"wp:attachment":[{"href":"https:\/\/abrilbike.com\/ca\/wp-json\/wp\/v2\/media?parent=14819"}],"wp:term":[{"taxonomy":"product_brand","embeddable":true,"href":"https:\/\/abrilbike.com\/ca\/wp-json\/wp\/v2\/product_brand?post=14819"},{"taxonomy":"product_cat","embeddable":true,"href":"https:\/\/abrilbike.com\/ca\/wp-json\/wp\/v2\/product_cat?post=14819"},{"taxonomy":"product_tag","embeddable":true,"href":"https:\/\/abrilbike.com\/ca\/wp-json\/wp\/v2\/product_tag?post=14819"}],"curies":[{"name":"wp","href":"https:\/\/api.w.org\/{rel}","templated":true}]}}