{"id":14821,"date":"2024-04-16T14:02:38","date_gmt":"2024-04-16T12:02:38","guid":{"rendered":"https:\/\/abrilbike.com\/producto\/bicicleta-cinelli-superstar-disc-2\/"},"modified":"2025-07-12T08:52:46","modified_gmt":"2025-07-12T06:52:46","slug":"bicicleta-cinelli-superstar-disc-2","status":"publish","type":"product","link":"https:\/\/abrilbike.com\/ca\/producte\/bicicleta-cinelli-superstar-disc-2\/","title":{"rendered":"BICICLETA CINELLI SUPERSTAR DISC"},"content":{"rendered":"<p><strong>FRAME SPECS<\/strong><\/p>\n<ul>\n<li>SIZES: XS (46) \u2013 S (48) \u2013 M (51) \u2013 L (54) \u2013 XL (57)<\/li>\n<li>MATERIAL: Columbus Carbon Monocoque T700<\/li>\n<li>HEADSET: IS 42\/28,6 | IS 52\/40 Columbus Compass 1-1\/2\u201d incl.<\/li>\n<li>SEATPOST: \u00d8 27,2 mm<\/li>\n<li>SEAT CLAMP: \u00d8 31,8 mm<\/li>\n<li>BB SHELL: Press Fit 86,5 x 41 mm<\/li>\n<li>FT. DERAILLEUR: Braze-On <\/li>\n<li>ROUTING: Internal \u2013 Di2\/EPS compatible<\/li>\n<li>COLOR: Dark Night<\/li>\n<li>TYRE CLEAR.: up to 700&#215;28 mm<\/li>\n<li>FORK: Columbus Futura Disc 1-1\/8\u201d 1-1\/2\u201d Carbon Monoc.<\/li>\n<li>WEIGHT: Frame 1140 g. (size M) Fork 440 g. (uncut)   <\/li>\n<li>BRAKE: Flat mount disc brake, rotor size up to 160mm<\/li>\n<li>DROPOUTS ST: Rear TA \u00d8 12x142mm \u2013 M12x167 \/ Front TA \u00d8 12x100mm \u2013 M12x119<\/li>\n<li>HIGHLIGHTS: Extra hanger \/ Di2 \/ EPS cable inserts \/ F-R Skewers<\/li>\n<\/ul>\n<p><strong>ASSEMBLY<\/strong><\/p>\n<ul>\n<li>DRIVETRAIN: Shimano Ultegra 8020<\/li>\n<li>HANDLEBAR: Cinelli Vai<\/li>\n<li>STEM: Cinelli Vai<\/li>\n<li>SEATPOST: Cinelli Vai \u00d8 27,2<\/li>\n<li>SHIFTERS: Shimano Ultegra R8020<\/li>\n<li>BRAKES: Shimano Ultegra R8070<\/li>\n<li>ROTORS: Shimano 160 \u2013 140 mm<\/li>\n<li>FT. DERAILLEUR: Shimano Ultegra R8000 <\/li>\n<li>R. DERAILLEUR: Shimano Ultegra R8000<\/li>\n<li>CRANKSET: Shimano Ultegra R8000 52\/36t<\/li>\n<li>CASSETTE: Shimano Ultegra R8000 11\/30t<\/li>\n<li>CHAIN: Shimano Ultegra 8000<\/li>\n<li>WHEELSET: Fulcrum 600 DB<\/li>\n<li>TYRES: Vittoria Zaffiro pro 700&#215;28<\/li>\n<li>SADDLE: Cinelli SSM Squadra<\/li>\n<\/ul>\n<p><strong>GEOMETRY<\/strong><\/p>\n<p><img decoding=\"async\" class=\"image-geometry\" src=\"https:\/\/www.cinelli-milano.com\/cdn\/shop\/files\/Geometrie_SuperstarDisc_2017.jpg?v=1685365701\"><\/p>\n<div id=\"tab-geometry\" class=\"tab-geometry\">\n<div class=\"item\"><\/div>\n<\/div>\n","protected":false},"excerpt":{"rendered":"<p>Color: dark night<\/p>\n<p>CONSULTAR DISPONIBILITAT<\/p>\n<p>Bicicleta de carretera de carboni i fre de disc muntat en Ultegra. Altres opcions disponibles. <\/p>\n<p><strong>PVP Ultegra R8020: 3.590\u20ac<\/strong><\/p>\n<p><strong>PVP Shimano 105 Di2 R7100 12S: 3.990\u20ac<\/strong><\/p>\n<p><strong>PVP Ultegra Di2 12S: 4.690\u20ac<\/strong><\/p>\n<blockquote><p><em>* Opci\u00f3 de rodes Fulcrum Wind 55 (enlloc de Fulcrum racing 600 DB) amb un increment de 1.100\u20ac<\/em><\/p><\/blockquote>\n<p>La Superstar \u00e9s la reinterpretaci\u00f3 de fibra de carboni d\u2019avantguarda de Cinelli de la m\u00edtica bicicleta italiana de curses per etapes de la marca. En desenvolupar la Superstar, Cinelli es va obsessionar amb les qualitats inherents de la fibra de carboni i els seus processos de fabricaci\u00f3 per produir una versi\u00f3 contempor\u00e0nia de baix pes, apta per a terrenys molt variats i de conducci\u00f3 molt c\u00f2moda per a llargues dist\u00e0ncies. Amb aquest fi, la Superstar es caracteritza per una geometria de bicicleta de carretera tradicional italiana i tamb\u00e9 es caracteritza per la gran precisi\u00f3 de la construcci\u00f3 del seu quadre.  <\/p>\n<p>Si desitges m\u00e9s informaci\u00f3 d&#8217;aquest model de bicicleta, clica a CONSULTAR i emplena el seg\u00fcent formulari amb les teves dades. Et respondrem el m\u00e9s aviat possible. <\/p>\n<p><button class=\"popmake-10872 pum-trigger\" style=\"cursor: pointer; background-color: #af002e; color: #fff !important; white-space: nowrap; padding: 0.618em 1em; font-weight: bold; border-radius: 3px; border-color: #af002e; border-width: 4px; display: inline-block; box-shadow: none;\"><img decoding=\"async\" src=\"https:\/\/abrilbike.com\/web21\/wp-content\/uploads\/2023\/08\/imatge-mail-sobre.png\" width=\"17px\" height=\"13px\"> CONSULTAR<\/button><\/p>\n<p>&nbsp;<\/p>\n","protected":false},"featured_media":14620,"template":"","meta":{"_et_pb_use_builder":"off","_et_pb_old_content":"<span class=\"TextRun SCXW73399863 BCX4\" lang=\"ES-ES\" data-contrast=\"auto\" xml:lang=\"ES-ES\"><span class=\"NormalTextRun SCXW73399863 BCX4\">Bicicleta <strong>Cinelli Veltrix<\/strong> <strong>Disc<\/strong> de quadre Columbus<\/span> <span class=\"NormalTextRun SpellingErrorV2 SCXW73399863 BCX4\">Carbon<\/span> <span class=\"NormalTextRun SpellingErrorV2 SCXW73399863 BCX4\">Monocoque<\/span><span class=\"NormalTextRun SCXW73399863 BCX4\">. Forquilla Columbus <\/span><span class=\"NormalTextRun SCXW73399863 BCX4\">Disc que permet un pas de rueda de fins<\/span><span class=\"NormalTextRun SCXW73399863 BCX4\"> 700x28c<\/span><span class=\"NormalTextRun SCXW73399863 BCX4\">. Llandes S<\/span><span class=\"NormalTextRun SCXW73399863 BCX4\">himano RS-170 center <\/span><span class=\"NormalTextRun SpellingErrorV2 SCXW73399863 BCX4\">lock<\/span><span class=\"NormalTextRun SCXW73399863 BCX4\">. Cobertes <\/span><span class=\"NormalTextRun SpellingErrorV2 SCXW73399863 BCX4\">Vittoria<\/span> <span class=\"NormalTextRun SpellingErrorV2 SCXW73399863 BCX4\">Zaffiro<\/span> <span class=\"NormalTextRun SpellingErrorV2 SCXW73399863 BCX4\">fold<\/span><span class=\"NormalTextRun SCXW73399863 BCX4\"> 700x25c.<\/span><span class=\"NormalTextRun SCXW73399863 BCX4\"> Bieles Shimano R<\/span><span class=\"NormalTextRun SCXW73399863 BCX4\">S 11 <\/span><span class=\"NormalTextRun SpellingErrorV2 SCXW73399863 BCX4\">speed<\/span><span class=\"NormalTextRun SCXW73399863 BCX4\"> 52-36T<\/span><span class=\"NormalTextRun SCXW73399863 BCX4\">.<\/span><span class=\"NormalTextRun SCXW73399863 BCX4\"> Talla 170 (XS\/S) 172,5 (M\/L) 175 (XL). Cadena KMC (X1 <\/span><span class=\"NormalTextRun SCXW73399863 BCX4\">1<\/span><span class=\"NormalTextRun SCXW73399863 BCX4\">). Canvis Shimano <\/span><span class=\"NormalTextRun SCXW73399863 BCX4\">105<\/span><span class=\"NormalTextRun SCXW73399863 BCX4\">\/ 1<\/span><span class=\"NormalTextRun SCXW73399863 BCX4\">1<\/span><span class=\"NormalTextRun SCXW73399863 BCX4\"> velocitats. Pedals No inclosos. Frens Hidr\u00e0ulics Shimano   <\/span><span class=\"NormalTextRun SCXW73399863 BCX4\">105<\/span><span class=\"NormalTextRun SCXW73399863 BCX4\"> \/ 160mm disc<\/span><span class=\"NormalTextRun SCXW73399863 BCX4\">o traser i 140mm disc davanter<\/span><span class=\"NormalTextRun SCXW73399863 BCX4\">. Pot\u00e8ncia <\/span><span class=\"NormalTextRun SpellingErrorV2 SpellingErrorHighlight SCXW73399863 BCX4\">Cinelli<\/span><span class=\"NormalTextRun SCXW73399863 BCX4\"> 6061.Manillar <\/span><span class=\"NormalTextRun SpellingErrorV2 SCXW73399863 BCX4\">Cinelli<\/span><span class=\"NormalTextRun SCXW73399863 BCX4\"> 6061 \/ \u00d8 31,8. Tija  <\/span><span class=\"NormalTextRun SpellingErrorV2 SCXW73399863 BCX4\">Cinelli<\/span><span class=\"NormalTextRun SCXW73399863 BCX4\"> 6061 \/ \u00d831,6 \/ L350. Pes bicicleta talla M  <\/span><span class=\"NormalTextRun SCXW73399863 BCX4\">9 <\/span><span class=\"NormalTextRun SCXW73399863 BCX4\">kg.<\/span><\/span><span class=\"EOP SCXW73399863 BCX4\" data-ccp-props=\"{\"> <\/span>","_et_gb_content_width":"","_joinchat":[]},"product_brand":[517],"product_cat":[291],"product_tag":[294,298,300,305,306],"class_list":{"0":"post-14821","1":"product","2":"type-product","3":"status-publish","4":"has-post-thumbnail","6":"product_brand-cinelli-ca","7":"product_cat-bicicletes-cinelli","8":"product_tag-adult","9":"product_tag-bici-ca","10":"product_tag-bicicleta-ca","11":"product_tag-carretera-ca","12":"product_tag-cinelli-ca","14":"first","15":"instock","16":"sold-individually","17":"taxable","18":"shipping-taxable","19":"purchasable","20":"product-type-simple"},"yoast_head":"<!-- This site is optimized with the Yoast SEO plugin v27.3 - https:\/\/yoast.com\/product\/yoast-seo-wordpress\/ -->\n<title>BICICLETA CINELLI SUPERSTAR DISC - Bicicletes abrilbike Barcelona<\/title>\n<meta name=\"description\" content=\"La bicicleta Cinelli Superstar disc reinterpreta, al m\u00e9s alt nivell d&#039;innovaci\u00f3 en fibra de carboni, la llegend\u00e0ria bicicleta de carretera Cinelli.\" \/>\n<meta name=\"robots\" content=\"index, follow, max-snippet:-1, max-image-preview:large, max-video-preview:-1\" \/>\n<link rel=\"canonical\" href=\"https:\/\/abrilbike.com\/ca\/producte\/bicicleta-cinelli-superstar-disc-2\/\" \/>\n<meta property=\"og:locale\" content=\"ca_ES\" \/>\n<meta property=\"og:type\" content=\"article\" \/>\n<meta property=\"og:title\" content=\"BICICLETA CINELLI SUPERSTAR DISC - Bicicletes abrilbike Barcelona\" \/>\n<meta property=\"og:description\" content=\"La bicicleta Cinelli Superstar disc reinterpreta, al m\u00e9s alt nivell d&#039;innovaci\u00f3 en fibra de carboni, la llegend\u00e0ria bicicleta de carretera Cinelli.\" \/>\n<meta property=\"og:url\" content=\"https:\/\/abrilbike.com\/ca\/producte\/bicicleta-cinelli-superstar-disc-2\/\" \/>\n<meta property=\"og:site_name\" content=\"Bicicletes abrilbike\" \/>\n<meta property=\"article:publisher\" content=\"https:\/\/www.facebook.com\/abrilbike\/\" \/>\n<meta property=\"article:modified_time\" content=\"2025-07-12T06:52:46+00:00\" \/>\n<meta property=\"og:image\" content=\"https:\/\/abrilbike.com\/web21\/wp-content\/uploads\/2024\/04\/bicicleta-cinelli-superstar-disc.jpeg\" \/>\n\t<meta property=\"og:image:width\" content=\"458\" \/>\n\t<meta property=\"og:image:height\" content=\"458\" \/>\n\t<meta property=\"og:image:type\" content=\"image\/jpeg\" \/>\n<meta name=\"twitter:card\" content=\"summary_large_image\" \/>\n<meta name=\"twitter:site\" content=\"@abrilbike\" \/>\n<meta name=\"twitter:label1\" content=\"Temps estimat de lectura\" \/>\n\t<meta name=\"twitter:data1\" content=\"1 minut\" \/>\n<script type=\"application\/ld+json\" class=\"yoast-schema-graph\">{\"@context\":\"https:\\\/\\\/schema.org\",\"@graph\":[{\"@type\":\"WebPage\",\"@id\":\"https:\\\/\\\/abrilbike.com\\\/ca\\\/producte\\\/bicicleta-cinelli-superstar-disc-2\\\/\",\"url\":\"https:\\\/\\\/abrilbike.com\\\/ca\\\/producte\\\/bicicleta-cinelli-superstar-disc-2\\\/\",\"name\":\"BICICLETA CINELLI SUPERSTAR DISC - Bicicletes abrilbike Barcelona\",\"isPartOf\":{\"@id\":\"https:\\\/\\\/abrilbike.com\\\/ca\\\/#website\"},\"primaryImageOfPage\":{\"@id\":\"https:\\\/\\\/abrilbike.com\\\/ca\\\/producte\\\/bicicleta-cinelli-superstar-disc-2\\\/#primaryimage\"},\"image\":{\"@id\":\"https:\\\/\\\/abrilbike.com\\\/ca\\\/producte\\\/bicicleta-cinelli-superstar-disc-2\\\/#primaryimage\"},\"thumbnailUrl\":\"https:\\\/\\\/abrilbike.com\\\/web21\\\/wp-content\\\/uploads\\\/2024\\\/04\\\/bicicleta-cinelli-superstar-disc.jpeg\",\"datePublished\":\"2024-04-16T12:02:38+00:00\",\"dateModified\":\"2025-07-12T06:52:46+00:00\",\"description\":\"La bicicleta Cinelli Superstar disc reinterpreta, al m\u00e9s alt nivell d'innovaci\u00f3 en fibra de carboni, la llegend\u00e0ria bicicleta de carretera Cinelli.\",\"breadcrumb\":{\"@id\":\"https:\\\/\\\/abrilbike.com\\\/ca\\\/producte\\\/bicicleta-cinelli-superstar-disc-2\\\/#breadcrumb\"},\"inLanguage\":\"ca\",\"potentialAction\":[{\"@type\":\"ReadAction\",\"target\":[\"https:\\\/\\\/abrilbike.com\\\/ca\\\/producte\\\/bicicleta-cinelli-superstar-disc-2\\\/\"]}]},{\"@type\":\"ImageObject\",\"inLanguage\":\"ca\",\"@id\":\"https:\\\/\\\/abrilbike.com\\\/ca\\\/producte\\\/bicicleta-cinelli-superstar-disc-2\\\/#primaryimage\",\"url\":\"https:\\\/\\\/abrilbike.com\\\/web21\\\/wp-content\\\/uploads\\\/2024\\\/04\\\/bicicleta-cinelli-superstar-disc.jpeg\",\"contentUrl\":\"https:\\\/\\\/abrilbike.com\\\/web21\\\/wp-content\\\/uploads\\\/2024\\\/04\\\/bicicleta-cinelli-superstar-disc.jpeg\",\"width\":458,\"height\":458},{\"@type\":\"BreadcrumbList\",\"@id\":\"https:\\\/\\\/abrilbike.com\\\/ca\\\/producte\\\/bicicleta-cinelli-superstar-disc-2\\\/#breadcrumb\",\"itemListElement\":[{\"@type\":\"ListItem\",\"position\":1,\"name\":\"Portada\",\"item\":\"https:\\\/\\\/abrilbike.com\\\/ca\\\/\"},{\"@type\":\"ListItem\",\"position\":2,\"name\":\"Botiga\",\"item\":\"https:\\\/\\\/abrilbike.com\\\/ca\\\/botiga\\\/\"},{\"@type\":\"ListItem\",\"position\":3,\"name\":\"BICICLETA CINELLI SUPERSTAR DISC\"}]},{\"@type\":\"WebSite\",\"@id\":\"https:\\\/\\\/abrilbike.com\\\/ca\\\/#website\",\"url\":\"https:\\\/\\\/abrilbike.com\\\/ca\\\/\",\"name\":\"Bicicletas abrilbike\",\"description\":\"Botiga, taller, bike rental i restauradors de bicicletes a Barcelona\",\"publisher\":{\"@id\":\"https:\\\/\\\/abrilbike.com\\\/ca\\\/#organization\"},\"alternateName\":\"Bicis abrilbike Barcelona\",\"potentialAction\":[{\"@type\":\"SearchAction\",\"target\":{\"@type\":\"EntryPoint\",\"urlTemplate\":\"https:\\\/\\\/abrilbike.com\\\/ca\\\/?s={search_term_string}\"},\"query-input\":{\"@type\":\"PropertyValueSpecification\",\"valueRequired\":true,\"valueName\":\"search_term_string\"}}],\"inLanguage\":\"ca\"},{\"@type\":\"Organization\",\"@id\":\"https:\\\/\\\/abrilbike.com\\\/ca\\\/#organization\",\"name\":\"Bicicletes abrilbike\",\"alternateName\":\"Bici Abrilbike Barcelona\",\"url\":\"https:\\\/\\\/abrilbike.com\\\/ca\\\/\",\"logo\":{\"@type\":\"ImageObject\",\"inLanguage\":\"ca\",\"@id\":\"https:\\\/\\\/abrilbike.com\\\/ca\\\/#\\\/schema\\\/logo\\\/image\\\/\",\"url\":\"https:\\\/\\\/abrilbike.com\\\/web21\\\/wp-content\\\/uploads\\\/2021\\\/08\\\/Abrilbike_Logo_In_sobreBlanco-1.png\",\"contentUrl\":\"https:\\\/\\\/abrilbike.com\\\/web21\\\/wp-content\\\/uploads\\\/2021\\\/08\\\/Abrilbike_Logo_In_sobreBlanco-1.png\",\"width\":78,\"height\":73,\"caption\":\"Bicicletes abrilbike\"},\"image\":{\"@id\":\"https:\\\/\\\/abrilbike.com\\\/ca\\\/#\\\/schema\\\/logo\\\/image\\\/\"},\"sameAs\":[\"https:\\\/\\\/www.facebook.com\\\/abrilbike\\\/\",\"https:\\\/\\\/x.com\\\/abrilbike\",\"https:\\\/\\\/www.instagram.com\\\/abrilbike\\\/?hl=es\"]}]}<\/script>\n<!-- \/ Yoast SEO plugin. -->","yoast_head_json":{"title":"BICICLETA CINELLI SUPERSTAR DISC - Bicicletes abrilbike Barcelona","description":"La bicicleta Cinelli Superstar disc reinterpreta, al m\u00e9s alt nivell d'innovaci\u00f3 en fibra de carboni, la llegend\u00e0ria bicicleta de carretera Cinelli.","robots":{"index":"index","follow":"follow","max-snippet":"max-snippet:-1","max-image-preview":"max-image-preview:large","max-video-preview":"max-video-preview:-1"},"canonical":"https:\/\/abrilbike.com\/ca\/producte\/bicicleta-cinelli-superstar-disc-2\/","og_locale":"ca_ES","og_type":"article","og_title":"BICICLETA CINELLI SUPERSTAR DISC - Bicicletes abrilbike Barcelona","og_description":"La bicicleta Cinelli Superstar disc reinterpreta, al m\u00e9s alt nivell d'innovaci\u00f3 en fibra de carboni, la llegend\u00e0ria bicicleta de carretera Cinelli.","og_url":"https:\/\/abrilbike.com\/ca\/producte\/bicicleta-cinelli-superstar-disc-2\/","og_site_name":"Bicicletes abrilbike","article_publisher":"https:\/\/www.facebook.com\/abrilbike\/","article_modified_time":"2025-07-12T06:52:46+00:00","og_image":[{"width":458,"height":458,"url":"https:\/\/abrilbike.com\/web21\/wp-content\/uploads\/2024\/04\/bicicleta-cinelli-superstar-disc.jpeg","type":"image\/jpeg"}],"twitter_card":"summary_large_image","twitter_site":"@abrilbike","twitter_misc":{"Temps estimat de lectura":"1 minut"},"schema":{"@context":"https:\/\/schema.org","@graph":[{"@type":"WebPage","@id":"https:\/\/abrilbike.com\/ca\/producte\/bicicleta-cinelli-superstar-disc-2\/","url":"https:\/\/abrilbike.com\/ca\/producte\/bicicleta-cinelli-superstar-disc-2\/","name":"BICICLETA CINELLI SUPERSTAR DISC - Bicicletes abrilbike Barcelona","isPartOf":{"@id":"https:\/\/abrilbike.com\/ca\/#website"},"primaryImageOfPage":{"@id":"https:\/\/abrilbike.com\/ca\/producte\/bicicleta-cinelli-superstar-disc-2\/#primaryimage"},"image":{"@id":"https:\/\/abrilbike.com\/ca\/producte\/bicicleta-cinelli-superstar-disc-2\/#primaryimage"},"thumbnailUrl":"https:\/\/abrilbike.com\/web21\/wp-content\/uploads\/2024\/04\/bicicleta-cinelli-superstar-disc.jpeg","datePublished":"2024-04-16T12:02:38+00:00","dateModified":"2025-07-12T06:52:46+00:00","description":"La bicicleta Cinelli Superstar disc reinterpreta, al m\u00e9s alt nivell d'innovaci\u00f3 en fibra de carboni, la llegend\u00e0ria bicicleta de carretera Cinelli.","breadcrumb":{"@id":"https:\/\/abrilbike.com\/ca\/producte\/bicicleta-cinelli-superstar-disc-2\/#breadcrumb"},"inLanguage":"ca","potentialAction":[{"@type":"ReadAction","target":["https:\/\/abrilbike.com\/ca\/producte\/bicicleta-cinelli-superstar-disc-2\/"]}]},{"@type":"ImageObject","inLanguage":"ca","@id":"https:\/\/abrilbike.com\/ca\/producte\/bicicleta-cinelli-superstar-disc-2\/#primaryimage","url":"https:\/\/abrilbike.com\/web21\/wp-content\/uploads\/2024\/04\/bicicleta-cinelli-superstar-disc.jpeg","contentUrl":"https:\/\/abrilbike.com\/web21\/wp-content\/uploads\/2024\/04\/bicicleta-cinelli-superstar-disc.jpeg","width":458,"height":458},{"@type":"BreadcrumbList","@id":"https:\/\/abrilbike.com\/ca\/producte\/bicicleta-cinelli-superstar-disc-2\/#breadcrumb","itemListElement":[{"@type":"ListItem","position":1,"name":"Portada","item":"https:\/\/abrilbike.com\/ca\/"},{"@type":"ListItem","position":2,"name":"Botiga","item":"https:\/\/abrilbike.com\/ca\/botiga\/"},{"@type":"ListItem","position":3,"name":"BICICLETA CINELLI SUPERSTAR DISC"}]},{"@type":"WebSite","@id":"https:\/\/abrilbike.com\/ca\/#website","url":"https:\/\/abrilbike.com\/ca\/","name":"Bicicletas abrilbike","description":"Botiga, taller, bike rental i restauradors de bicicletes a Barcelona","publisher":{"@id":"https:\/\/abrilbike.com\/ca\/#organization"},"alternateName":"Bicis abrilbike Barcelona","potentialAction":[{"@type":"SearchAction","target":{"@type":"EntryPoint","urlTemplate":"https:\/\/abrilbike.com\/ca\/?s={search_term_string}"},"query-input":{"@type":"PropertyValueSpecification","valueRequired":true,"valueName":"search_term_string"}}],"inLanguage":"ca"},{"@type":"Organization","@id":"https:\/\/abrilbike.com\/ca\/#organization","name":"Bicicletes abrilbike","alternateName":"Bici Abrilbike Barcelona","url":"https:\/\/abrilbike.com\/ca\/","logo":{"@type":"ImageObject","inLanguage":"ca","@id":"https:\/\/abrilbike.com\/ca\/#\/schema\/logo\/image\/","url":"https:\/\/abrilbike.com\/web21\/wp-content\/uploads\/2021\/08\/Abrilbike_Logo_In_sobreBlanco-1.png","contentUrl":"https:\/\/abrilbike.com\/web21\/wp-content\/uploads\/2021\/08\/Abrilbike_Logo_In_sobreBlanco-1.png","width":78,"height":73,"caption":"Bicicletes abrilbike"},"image":{"@id":"https:\/\/abrilbike.com\/ca\/#\/schema\/logo\/image\/"},"sameAs":["https:\/\/www.facebook.com\/abrilbike\/","https:\/\/x.com\/abrilbike","https:\/\/www.instagram.com\/abrilbike\/?hl=es"]}]}},"_links":{"self":[{"href":"https:\/\/abrilbike.com\/ca\/wp-json\/wp\/v2\/product\/14821","targetHints":{"allow":["GET"]}}],"collection":[{"href":"https:\/\/abrilbike.com\/ca\/wp-json\/wp\/v2\/product"}],"about":[{"href":"https:\/\/abrilbike.com\/ca\/wp-json\/wp\/v2\/types\/product"}],"wp:featuredmedia":[{"embeddable":true,"href":"https:\/\/abrilbike.com\/ca\/wp-json\/wp\/v2\/media\/14620"}],"wp:attachment":[{"href":"https:\/\/abrilbike.com\/ca\/wp-json\/wp\/v2\/media?parent=14821"}],"wp:term":[{"taxonomy":"product_brand","embeddable":true,"href":"https:\/\/abrilbike.com\/ca\/wp-json\/wp\/v2\/product_brand?post=14821"},{"taxonomy":"product_cat","embeddable":true,"href":"https:\/\/abrilbike.com\/ca\/wp-json\/wp\/v2\/product_cat?post=14821"},{"taxonomy":"product_tag","embeddable":true,"href":"https:\/\/abrilbike.com\/ca\/wp-json\/wp\/v2\/product_tag?post=14821"}],"curies":[{"name":"wp","href":"https:\/\/api.w.org\/{rel}","templated":true}]}}