{"id":14822,"date":"2024-04-17T12:14:19","date_gmt":"2024-04-17T10:14:19","guid":{"rendered":"https:\/\/abrilbike.com\/producto\/bicicleta-cinelli-nemo-disc-2\/"},"modified":"2025-07-14T15:07:51","modified_gmt":"2025-07-14T13:07:51","slug":"bicicleta-cinelli-nemo-disc-2","status":"publish","type":"product","link":"https:\/\/abrilbike.com\/ca\/producte\/bicicleta-cinelli-nemo-disc-2\/","title":{"rendered":"BICICLETA CINELLI NEMO DISC"},"content":{"rendered":"<h3>Muntatge<\/h3>\n<p><img loading=\"lazy\" decoding=\"async\" src=\"https:\/\/areab2b.lenubu.com\/img\/cms\/assembly-nemodisc24.jpg\" alt=\"\" width=\"1002\" height=\"390\"><\/p>\n<p>&nbsp;<\/p>\n<h3>Geometria<\/h3>\n<p><img loading=\"lazy\" decoding=\"async\" src=\"http:\/\/areab2b.lenubu.com\/img\/cms\/geometrie_nemodisc_2018.jpg\" alt=\"\" width=\"600\" height=\"489\"><\/p>\n","protected":false},"excerpt":{"rendered":"<p>Color: a escollir<\/p>\n<p>FABRICACI\u00d3 SOTA COMANDA<\/p>\n<ul>\n<li><strong>Sram Etap Axs 2x12S \u2013 Fulcurm Wind 42mm: 10.000\u20ac<\/strong><\/li>\n<li><strong>Durace Di2 12S \u2013 Fulcurm Wind 42mm: 9.000\u20ac<\/strong><\/li>\n<li><strong>Ultegra Di2 12S: 5.300\u20ac<\/strong><\/li>\n<li><b>Shimano 105 Di2 12S: 4.600\u20ac<\/b><\/li>\n<li><strong>Ultegra 8020: 4.100\u20ac<\/strong><\/li>\n<\/ul>\n<p><em>*Increment de 400\u20ac en cas de geometrIa I\/o color especial<\/em><\/p>\n<p><em>** Increment de 950\u20ac per Columbus Tritttico<\/em><\/p>\n<p><em>*** Increment de 1.100\u20ac per Fulcrum Wind 42mm<\/em><\/p>\n<p>Geometria personalitzada, fabricada \u00edntegrament a It\u00e0lia amb els llegendaris tubs Columbus Spirit d\u2019acer de triple conificat i una major dist\u00e0ncia entre eixos per a grans aventures sobre grava i descensos a gran velocitat. L\u2019acer ha tornat per satisfer les necessitats dels ciclistes m\u00e9s exigents, que demanen la tecnologia m\u00e9s avan\u00e7ada sense perdre de vista la tradici\u00f3. <\/p>\n<p>Si desitges m\u00e9s informaci\u00f3 d&#8217;aquest model de bicicleta, clica a CONSULTAR i emplena el seg\u00fcent formulari amb les teves dades. Et respondrem el m\u00e9s aviat possible. <\/p>\n<p><button class=\"popmake-10872 pum-trigger\" style=\"cursor: pointer; background-color: #af002e; color: #fff !important; white-space: nowrap; padding: 0.618em 1em; font-weight: bold; border-radius: 3px; border-color: #af002e; border-width: 4px; display: inline-block; box-shadow: none;\"><img decoding=\"async\" src=\"https:\/\/abrilbike.com\/web21\/wp-content\/uploads\/2023\/08\/imatge-mail-sobre.png\" width=\"17px\" height=\"13px\"> CONSULTAR<\/button><\/p>\n<p>&nbsp;<\/p>\n","protected":false},"featured_media":14626,"template":"","meta":{"_et_pb_use_builder":"off","_et_pb_old_content":"<span class=\"TextRun SCXW73399863 BCX4\" lang=\"ES-ES\" data-contrast=\"auto\" xml:lang=\"ES-ES\"><span class=\"NormalTextRun SCXW73399863 BCX4\">Bicicleta <strong>Cinelli Veltrix<\/strong> <strong>Disc<\/strong> de quadre Columbus<\/span> <span class=\"NormalTextRun SpellingErrorV2 SCXW73399863 BCX4\">Carbon<\/span> <span class=\"NormalTextRun SpellingErrorV2 SCXW73399863 BCX4\">Monocoque<\/span><span class=\"NormalTextRun SCXW73399863 BCX4\">. Forquilla Columbus <\/span><span class=\"NormalTextRun SCXW73399863 BCX4\">Disc que permet un pas de rueda de fins<\/span><span class=\"NormalTextRun SCXW73399863 BCX4\"> 700x28c<\/span><span class=\"NormalTextRun SCXW73399863 BCX4\">. Llandes S<\/span><span class=\"NormalTextRun SCXW73399863 BCX4\">himano RS-170 center <\/span><span class=\"NormalTextRun SpellingErrorV2 SCXW73399863 BCX4\">lock<\/span><span class=\"NormalTextRun SCXW73399863 BCX4\">. Cobertes <\/span><span class=\"NormalTextRun SpellingErrorV2 SCXW73399863 BCX4\">Vittoria<\/span> <span class=\"NormalTextRun SpellingErrorV2 SCXW73399863 BCX4\">Zaffiro<\/span> <span class=\"NormalTextRun SpellingErrorV2 SCXW73399863 BCX4\">fold<\/span><span class=\"NormalTextRun SCXW73399863 BCX4\"> 700x25c.<\/span><span class=\"NormalTextRun SCXW73399863 BCX4\"> Bieles Shimano R<\/span><span class=\"NormalTextRun SCXW73399863 BCX4\">S 11 <\/span><span class=\"NormalTextRun SpellingErrorV2 SCXW73399863 BCX4\">speed<\/span><span class=\"NormalTextRun SCXW73399863 BCX4\"> 52-36T<\/span><span class=\"NormalTextRun SCXW73399863 BCX4\">.<\/span><span class=\"NormalTextRun SCXW73399863 BCX4\"> Talla 170 (XS\/S) 172,5 (M\/L) 175 (XL). Cadena KMC (X1 <\/span><span class=\"NormalTextRun SCXW73399863 BCX4\">1<\/span><span class=\"NormalTextRun SCXW73399863 BCX4\">). Canvis Shimano <\/span><span class=\"NormalTextRun SCXW73399863 BCX4\">105<\/span><span class=\"NormalTextRun SCXW73399863 BCX4\">\/ 1<\/span><span class=\"NormalTextRun SCXW73399863 BCX4\">1<\/span><span class=\"NormalTextRun SCXW73399863 BCX4\"> velocitats. Pedals No inclosos. Frens Hidr\u00e0ulics Shimano   <\/span><span class=\"NormalTextRun SCXW73399863 BCX4\">105<\/span><span class=\"NormalTextRun SCXW73399863 BCX4\"> \/ 160mm disc<\/span><span class=\"NormalTextRun SCXW73399863 BCX4\">o traser i 140mm disc davanter<\/span><span class=\"NormalTextRun SCXW73399863 BCX4\">. Pot\u00e8ncia <\/span><span class=\"NormalTextRun SpellingErrorV2 SpellingErrorHighlight SCXW73399863 BCX4\">Cinelli<\/span><span class=\"NormalTextRun SCXW73399863 BCX4\"> 6061.Manillar <\/span><span class=\"NormalTextRun SpellingErrorV2 SCXW73399863 BCX4\">Cinelli<\/span><span class=\"NormalTextRun SCXW73399863 BCX4\"> 6061 \/ \u00d8 31,8. Tija  <\/span><span class=\"NormalTextRun SpellingErrorV2 SCXW73399863 BCX4\">Cinelli<\/span><span class=\"NormalTextRun SCXW73399863 BCX4\"> 6061 \/ \u00d831,6 \/ L350. Pes bicicleta talla M  <\/span><span class=\"NormalTextRun SCXW73399863 BCX4\">9 <\/span><span class=\"NormalTextRun SCXW73399863 BCX4\">kg.<\/span><\/span><span class=\"EOP SCXW73399863 BCX4\" data-ccp-props=\"{\"> <\/span>","_et_gb_content_width":"","_joinchat":[]},"product_brand":[517],"product_cat":[291],"product_tag":[294,298,300,305,306],"class_list":{"0":"post-14822","1":"product","2":"type-product","3":"status-publish","4":"has-post-thumbnail","6":"product_brand-cinelli-ca","7":"product_cat-bicicletes-cinelli","8":"product_tag-adult","9":"product_tag-bici-ca","10":"product_tag-bicicleta-ca","11":"product_tag-carretera-ca","12":"product_tag-cinelli-ca","14":"first","15":"instock","16":"sold-individually","17":"taxable","18":"shipping-taxable","19":"purchasable","20":"product-type-simple"},"yoast_head":"<!-- This site is optimized with the Yoast SEO plugin v27.3 - https:\/\/yoast.com\/product\/yoast-seo-wordpress\/ -->\n<title>BICICLETA CINELLI NEMO DISC - Bicicletes abrilbike Barcelona<\/title>\n<meta name=\"description\" content=\"La Cinelli Nemo Disc \u00e9s una bicicleta de carretera fabricada \u00edntegrament a It\u00e0lia amb els llegendaris tubs Columbus Spirit d&#039;acer de triple conificat.\" \/>\n<meta name=\"robots\" content=\"index, follow, max-snippet:-1, max-image-preview:large, max-video-preview:-1\" \/>\n<link rel=\"canonical\" href=\"https:\/\/abrilbike.com\/ca\/producte\/bicicleta-cinelli-nemo-disc-2\/\" \/>\n<meta property=\"og:locale\" content=\"ca_ES\" \/>\n<meta property=\"og:type\" content=\"article\" \/>\n<meta property=\"og:title\" content=\"BICICLETA CINELLI NEMO DISC - Bicicletes abrilbike Barcelona\" \/>\n<meta property=\"og:description\" content=\"La Cinelli Nemo Disc \u00e9s una bicicleta de carretera fabricada \u00edntegrament a It\u00e0lia amb els llegendaris tubs Columbus Spirit d&#039;acer de triple conificat.\" \/>\n<meta property=\"og:url\" content=\"https:\/\/abrilbike.com\/ca\/producte\/bicicleta-cinelli-nemo-disc-2\/\" \/>\n<meta property=\"og:site_name\" content=\"Bicicletes abrilbike\" \/>\n<meta property=\"article:publisher\" content=\"https:\/\/www.facebook.com\/abrilbike\/\" \/>\n<meta property=\"article:modified_time\" content=\"2025-07-14T13:07:51+00:00\" \/>\n<meta property=\"og:image\" content=\"https:\/\/abrilbike.com\/web21\/wp-content\/uploads\/2024\/04\/bicicleta-cinelli-nemo-disc1.jpeg\" \/>\n\t<meta property=\"og:image:width\" content=\"458\" \/>\n\t<meta property=\"og:image:height\" content=\"458\" \/>\n\t<meta property=\"og:image:type\" content=\"image\/jpeg\" \/>\n<meta name=\"twitter:card\" content=\"summary_large_image\" \/>\n<meta name=\"twitter:site\" content=\"@abrilbike\" \/>\n<script type=\"application\/ld+json\" class=\"yoast-schema-graph\">{\"@context\":\"https:\\\/\\\/schema.org\",\"@graph\":[{\"@type\":\"WebPage\",\"@id\":\"https:\\\/\\\/abrilbike.com\\\/ca\\\/producte\\\/bicicleta-cinelli-nemo-disc-2\\\/\",\"url\":\"https:\\\/\\\/abrilbike.com\\\/ca\\\/producte\\\/bicicleta-cinelli-nemo-disc-2\\\/\",\"name\":\"BICICLETA CINELLI NEMO DISC - Bicicletes abrilbike Barcelona\",\"isPartOf\":{\"@id\":\"https:\\\/\\\/abrilbike.com\\\/ca\\\/#website\"},\"primaryImageOfPage\":{\"@id\":\"https:\\\/\\\/abrilbike.com\\\/ca\\\/producte\\\/bicicleta-cinelli-nemo-disc-2\\\/#primaryimage\"},\"image\":{\"@id\":\"https:\\\/\\\/abrilbike.com\\\/ca\\\/producte\\\/bicicleta-cinelli-nemo-disc-2\\\/#primaryimage\"},\"thumbnailUrl\":\"https:\\\/\\\/abrilbike.com\\\/web21\\\/wp-content\\\/uploads\\\/2024\\\/04\\\/bicicleta-cinelli-nemo-disc1.jpeg\",\"datePublished\":\"2024-04-17T10:14:19+00:00\",\"dateModified\":\"2025-07-14T13:07:51+00:00\",\"description\":\"La Cinelli Nemo Disc \u00e9s una bicicleta de carretera fabricada \u00edntegrament a It\u00e0lia amb els llegendaris tubs Columbus Spirit d'acer de triple conificat.\",\"breadcrumb\":{\"@id\":\"https:\\\/\\\/abrilbike.com\\\/ca\\\/producte\\\/bicicleta-cinelli-nemo-disc-2\\\/#breadcrumb\"},\"inLanguage\":\"ca\",\"potentialAction\":[{\"@type\":\"ReadAction\",\"target\":[\"https:\\\/\\\/abrilbike.com\\\/ca\\\/producte\\\/bicicleta-cinelli-nemo-disc-2\\\/\"]}]},{\"@type\":\"ImageObject\",\"inLanguage\":\"ca\",\"@id\":\"https:\\\/\\\/abrilbike.com\\\/ca\\\/producte\\\/bicicleta-cinelli-nemo-disc-2\\\/#primaryimage\",\"url\":\"https:\\\/\\\/abrilbike.com\\\/web21\\\/wp-content\\\/uploads\\\/2024\\\/04\\\/bicicleta-cinelli-nemo-disc1.jpeg\",\"contentUrl\":\"https:\\\/\\\/abrilbike.com\\\/web21\\\/wp-content\\\/uploads\\\/2024\\\/04\\\/bicicleta-cinelli-nemo-disc1.jpeg\",\"width\":458,\"height\":458},{\"@type\":\"BreadcrumbList\",\"@id\":\"https:\\\/\\\/abrilbike.com\\\/ca\\\/producte\\\/bicicleta-cinelli-nemo-disc-2\\\/#breadcrumb\",\"itemListElement\":[{\"@type\":\"ListItem\",\"position\":1,\"name\":\"Portada\",\"item\":\"https:\\\/\\\/abrilbike.com\\\/ca\\\/\"},{\"@type\":\"ListItem\",\"position\":2,\"name\":\"Botiga\",\"item\":\"https:\\\/\\\/abrilbike.com\\\/ca\\\/botiga\\\/\"},{\"@type\":\"ListItem\",\"position\":3,\"name\":\"BICICLETA CINELLI NEMO DISC\"}]},{\"@type\":\"WebSite\",\"@id\":\"https:\\\/\\\/abrilbike.com\\\/ca\\\/#website\",\"url\":\"https:\\\/\\\/abrilbike.com\\\/ca\\\/\",\"name\":\"Bicicletas abrilbike\",\"description\":\"Botiga, taller, bike rental i restauradors de bicicletes a Barcelona\",\"publisher\":{\"@id\":\"https:\\\/\\\/abrilbike.com\\\/ca\\\/#organization\"},\"alternateName\":\"Bicis abrilbike Barcelona\",\"potentialAction\":[{\"@type\":\"SearchAction\",\"target\":{\"@type\":\"EntryPoint\",\"urlTemplate\":\"https:\\\/\\\/abrilbike.com\\\/ca\\\/?s={search_term_string}\"},\"query-input\":{\"@type\":\"PropertyValueSpecification\",\"valueRequired\":true,\"valueName\":\"search_term_string\"}}],\"inLanguage\":\"ca\"},{\"@type\":\"Organization\",\"@id\":\"https:\\\/\\\/abrilbike.com\\\/ca\\\/#organization\",\"name\":\"Bicicletes abrilbike\",\"alternateName\":\"Bici Abrilbike Barcelona\",\"url\":\"https:\\\/\\\/abrilbike.com\\\/ca\\\/\",\"logo\":{\"@type\":\"ImageObject\",\"inLanguage\":\"ca\",\"@id\":\"https:\\\/\\\/abrilbike.com\\\/ca\\\/#\\\/schema\\\/logo\\\/image\\\/\",\"url\":\"https:\\\/\\\/abrilbike.com\\\/web21\\\/wp-content\\\/uploads\\\/2021\\\/08\\\/Abrilbike_Logo_In_sobreBlanco-1.png\",\"contentUrl\":\"https:\\\/\\\/abrilbike.com\\\/web21\\\/wp-content\\\/uploads\\\/2021\\\/08\\\/Abrilbike_Logo_In_sobreBlanco-1.png\",\"width\":78,\"height\":73,\"caption\":\"Bicicletes abrilbike\"},\"image\":{\"@id\":\"https:\\\/\\\/abrilbike.com\\\/ca\\\/#\\\/schema\\\/logo\\\/image\\\/\"},\"sameAs\":[\"https:\\\/\\\/www.facebook.com\\\/abrilbike\\\/\",\"https:\\\/\\\/x.com\\\/abrilbike\",\"https:\\\/\\\/www.instagram.com\\\/abrilbike\\\/?hl=es\"]}]}<\/script>\n<!-- \/ Yoast SEO plugin. -->","yoast_head_json":{"title":"BICICLETA CINELLI NEMO DISC - Bicicletes abrilbike Barcelona","description":"La Cinelli Nemo Disc \u00e9s una bicicleta de carretera fabricada \u00edntegrament a It\u00e0lia amb els llegendaris tubs Columbus Spirit d'acer de triple conificat.","robots":{"index":"index","follow":"follow","max-snippet":"max-snippet:-1","max-image-preview":"max-image-preview:large","max-video-preview":"max-video-preview:-1"},"canonical":"https:\/\/abrilbike.com\/ca\/producte\/bicicleta-cinelli-nemo-disc-2\/","og_locale":"ca_ES","og_type":"article","og_title":"BICICLETA CINELLI NEMO DISC - Bicicletes abrilbike Barcelona","og_description":"La Cinelli Nemo Disc \u00e9s una bicicleta de carretera fabricada \u00edntegrament a It\u00e0lia amb els llegendaris tubs Columbus Spirit d'acer de triple conificat.","og_url":"https:\/\/abrilbike.com\/ca\/producte\/bicicleta-cinelli-nemo-disc-2\/","og_site_name":"Bicicletes abrilbike","article_publisher":"https:\/\/www.facebook.com\/abrilbike\/","article_modified_time":"2025-07-14T13:07:51+00:00","og_image":[{"width":458,"height":458,"url":"https:\/\/abrilbike.com\/web21\/wp-content\/uploads\/2024\/04\/bicicleta-cinelli-nemo-disc1.jpeg","type":"image\/jpeg"}],"twitter_card":"summary_large_image","twitter_site":"@abrilbike","schema":{"@context":"https:\/\/schema.org","@graph":[{"@type":"WebPage","@id":"https:\/\/abrilbike.com\/ca\/producte\/bicicleta-cinelli-nemo-disc-2\/","url":"https:\/\/abrilbike.com\/ca\/producte\/bicicleta-cinelli-nemo-disc-2\/","name":"BICICLETA CINELLI NEMO DISC - Bicicletes abrilbike Barcelona","isPartOf":{"@id":"https:\/\/abrilbike.com\/ca\/#website"},"primaryImageOfPage":{"@id":"https:\/\/abrilbike.com\/ca\/producte\/bicicleta-cinelli-nemo-disc-2\/#primaryimage"},"image":{"@id":"https:\/\/abrilbike.com\/ca\/producte\/bicicleta-cinelli-nemo-disc-2\/#primaryimage"},"thumbnailUrl":"https:\/\/abrilbike.com\/web21\/wp-content\/uploads\/2024\/04\/bicicleta-cinelli-nemo-disc1.jpeg","datePublished":"2024-04-17T10:14:19+00:00","dateModified":"2025-07-14T13:07:51+00:00","description":"La Cinelli Nemo Disc \u00e9s una bicicleta de carretera fabricada \u00edntegrament a It\u00e0lia amb els llegendaris tubs Columbus Spirit d'acer de triple conificat.","breadcrumb":{"@id":"https:\/\/abrilbike.com\/ca\/producte\/bicicleta-cinelli-nemo-disc-2\/#breadcrumb"},"inLanguage":"ca","potentialAction":[{"@type":"ReadAction","target":["https:\/\/abrilbike.com\/ca\/producte\/bicicleta-cinelli-nemo-disc-2\/"]}]},{"@type":"ImageObject","inLanguage":"ca","@id":"https:\/\/abrilbike.com\/ca\/producte\/bicicleta-cinelli-nemo-disc-2\/#primaryimage","url":"https:\/\/abrilbike.com\/web21\/wp-content\/uploads\/2024\/04\/bicicleta-cinelli-nemo-disc1.jpeg","contentUrl":"https:\/\/abrilbike.com\/web21\/wp-content\/uploads\/2024\/04\/bicicleta-cinelli-nemo-disc1.jpeg","width":458,"height":458},{"@type":"BreadcrumbList","@id":"https:\/\/abrilbike.com\/ca\/producte\/bicicleta-cinelli-nemo-disc-2\/#breadcrumb","itemListElement":[{"@type":"ListItem","position":1,"name":"Portada","item":"https:\/\/abrilbike.com\/ca\/"},{"@type":"ListItem","position":2,"name":"Botiga","item":"https:\/\/abrilbike.com\/ca\/botiga\/"},{"@type":"ListItem","position":3,"name":"BICICLETA CINELLI NEMO DISC"}]},{"@type":"WebSite","@id":"https:\/\/abrilbike.com\/ca\/#website","url":"https:\/\/abrilbike.com\/ca\/","name":"Bicicletas abrilbike","description":"Botiga, taller, bike rental i restauradors de bicicletes a Barcelona","publisher":{"@id":"https:\/\/abrilbike.com\/ca\/#organization"},"alternateName":"Bicis abrilbike Barcelona","potentialAction":[{"@type":"SearchAction","target":{"@type":"EntryPoint","urlTemplate":"https:\/\/abrilbike.com\/ca\/?s={search_term_string}"},"query-input":{"@type":"PropertyValueSpecification","valueRequired":true,"valueName":"search_term_string"}}],"inLanguage":"ca"},{"@type":"Organization","@id":"https:\/\/abrilbike.com\/ca\/#organization","name":"Bicicletes abrilbike","alternateName":"Bici Abrilbike Barcelona","url":"https:\/\/abrilbike.com\/ca\/","logo":{"@type":"ImageObject","inLanguage":"ca","@id":"https:\/\/abrilbike.com\/ca\/#\/schema\/logo\/image\/","url":"https:\/\/abrilbike.com\/web21\/wp-content\/uploads\/2021\/08\/Abrilbike_Logo_In_sobreBlanco-1.png","contentUrl":"https:\/\/abrilbike.com\/web21\/wp-content\/uploads\/2021\/08\/Abrilbike_Logo_In_sobreBlanco-1.png","width":78,"height":73,"caption":"Bicicletes abrilbike"},"image":{"@id":"https:\/\/abrilbike.com\/ca\/#\/schema\/logo\/image\/"},"sameAs":["https:\/\/www.facebook.com\/abrilbike\/","https:\/\/x.com\/abrilbike","https:\/\/www.instagram.com\/abrilbike\/?hl=es"]}]}},"_links":{"self":[{"href":"https:\/\/abrilbike.com\/ca\/wp-json\/wp\/v2\/product\/14822","targetHints":{"allow":["GET"]}}],"collection":[{"href":"https:\/\/abrilbike.com\/ca\/wp-json\/wp\/v2\/product"}],"about":[{"href":"https:\/\/abrilbike.com\/ca\/wp-json\/wp\/v2\/types\/product"}],"wp:featuredmedia":[{"embeddable":true,"href":"https:\/\/abrilbike.com\/ca\/wp-json\/wp\/v2\/media\/14626"}],"wp:attachment":[{"href":"https:\/\/abrilbike.com\/ca\/wp-json\/wp\/v2\/media?parent=14822"}],"wp:term":[{"taxonomy":"product_brand","embeddable":true,"href":"https:\/\/abrilbike.com\/ca\/wp-json\/wp\/v2\/product_brand?post=14822"},{"taxonomy":"product_cat","embeddable":true,"href":"https:\/\/abrilbike.com\/ca\/wp-json\/wp\/v2\/product_cat?post=14822"},{"taxonomy":"product_tag","embeddable":true,"href":"https:\/\/abrilbike.com\/ca\/wp-json\/wp\/v2\/product_tag?post=14822"}],"curies":[{"name":"wp","href":"https:\/\/api.w.org\/{rel}","templated":true}]}}